{"id":533,"date":"2021-02-10T12:17:03","date_gmt":"2021-02-10T12:17:03","guid":{"rendered":"https:\/\/www.aaplastco.com\/?page_id=533"},"modified":"2021-08-28T08:21:03","modified_gmt":"2021-08-28T08:21:03","slug":"export","status":"publish","type":"page","link":"https:\/\/www.alamalalsharif.com\/fr\/export\/","title":{"rendered":"\u00a0Export\u00a0"},"content":{"rendered":"\n<div class=\"wp-block-themeisle-blocks-advanced-columns has-1-columns has-desktop-equal-layout has-tablet-equal-layout has-mobile-equal-layout has-default-gap has-vertical-unset\" id=\"wp-block-themeisle-blocks-advanced-columns-87f22d7a\"><div class=\"wp-block-themeisle-blocks-advanced-columns-overlay\"><\/div><div class=\"innerblocks-wrap\">\n<div class=\"wp-block-themeisle-blocks-advanced-column\" id=\"wp-block-themeisle-blocks-advanced-column-8a9e02d4\">\n<p>La grande renomm\u00e9e de l\u2019entreprise de plastique Alamal Alsharif Plastics lui a permis de gagner la confiance de ses clients et d\u2019acqu\u00e9rir de nombreuses certifications internationales de qualit\u00e9.<\/p>\n\n\n\n<p>La r\u00e9putation de l&#8217;entreprise et de ses produits de haute qualit\u00e9 a d\u00e9pass\u00e9 les fronti\u00e8res de la R\u00e9publique arabe d&#8217;\u00c9gypte. Ce sont les produits pr\u00e9f\u00e9r\u00e9s dans de nombreux pays arabes et africains, dont l&#8217;Irak, le Y\u00e9men, la Libye et la Tunisie, ce qui a permis \u00e0 l&#8217;entreprise d&#8217;envahir ces march\u00e9s et de devenir une marque fiable.<\/p>\n\n\n\n<p>L\u2019aventure de l\u2019exportation pour l\u2019entreprise Alamal Alsharif Plastics a commenc\u00e9 en 2002 le Soudan, qui a adopt\u00e9 ses produits dans plusieurs de ses projets d\u2019infrastructure. Ce processus a continu\u00e9 \u00e0 se d\u00e9velopper avec succ\u00e8s ann\u00e9e apr\u00e8s ann\u00e9e, jusqu&#8217;\u00e0 ce que les exportations atteignent 30 \u00e0 35 % de la capacit\u00e9 de vente totale de l&#8217;entreprise. Cela d\u00e9montre grandement la confiance dont jouit l&#8217;entreprise et la haute qualit\u00e9 de ses produits.<\/p>\n\n\n\n<div class=\"wp-block-image\"><figure class=\"aligncenter size-large\"><img loading=\"lazy\" decoding=\"async\" width=\"1024\" height=\"512\" src=\"https:\/\/www.aaplastco.com\/wp-content\/uploads\/2021\/08\/worldmap-F-1024x512.jpg\" alt=\"\" class=\"wp-image-1474\" srcset=\"https:\/\/www.alamalalsharif.com\/wp-content\/uploads\/2021\/08\/worldmap-F-1024x512.jpg 1024w, https:\/\/www.alamalalsharif.com\/wp-content\/uploads\/2021\/08\/worldmap-F-300x150.jpg 300w, https:\/\/www.alamalalsharif.com\/wp-content\/uploads\/2021\/08\/worldmap-F-768x384.jpg 768w, https:\/\/www.alamalalsharif.com\/wp-content\/uploads\/2021\/08\/worldmap-F.jpg 1262w\" sizes=\"auto, (max-width: 1024px) 100vw, 1024px\" \/><\/figure><\/div>\n\n\n\n<p>L&#8217;entreprise Alamal Alsharif Plastics propose plusieurs produits approuv\u00e9s au niveau international sur ces march\u00e9s, allant des tuyaux de drainage en PVC blanc, des produits PPH et PPR, des tuyaux et raccords sous pression et du PVC-C. Ces produits font partie des produits les plus demand\u00e9s \u00e0 l&#8217;exportation.<\/p>\n\n\n\n<p>Alamal Alsharif Plastics a \u00e9tabli des normes et des conditions sp\u00e9cifiques pour garantir la qualit\u00e9 des produits export\u00e9s, chaque produit passant de nombreux tests de qualit\u00e9 conform\u00e9ment aux normes de mesure internationales.<\/p>\n\n\n\n<p>L&#8217;entreprise Alamal Alsharif Plastics investit dans ses relations avec ses distributeurs internationaux. Nous les consid\u00e9rons comme nos partenaires dans la r\u00e9ussite et nous ne m\u00e9nageons aucun effort pour cr\u00e9er des liens solides avec eux. De plus, nous n&#8217;h\u00e9sitons pas \u00e0 leur fournir des conseils techniques et notre aide en cas de besoin, afin de soutenir leurs projets.<\/p>\n\n\n\n<p>Si vous souhaitez rejoindre notre r\u00e9seau de distribution mondial, veuillez remplir le formulaire ci-dessous :<\/p>\n<\/div>\n<\/div><\/div>\n\n\n\n<div class=\"wp-block-themeisle-blocks-advanced-columns has-1-columns has-desktop-equal-layout has-tablet-equal-layout has-mobile-equal-layout has-default-gap has-vertical-unset\" id=\"wp-block-themeisle-blocks-advanced-columns-4e139fe9\"><div class=\"wp-block-themeisle-blocks-advanced-columns-overlay\"><\/div><div class=\"innerblocks-wrap\">\n<div class=\"wp-block-themeisle-blocks-advanced-column\" id=\"wp-block-themeisle-blocks-advanced-column-2184263a\"><div class=\"wpforms-container wpforms-container-full\" id=\"wpforms-872\"><form id=\"wpforms-form-872\" class=\"wpforms-validate wpforms-form\" data-formid=\"872\" method=\"post\" enctype=\"multipart\/form-data\" action=\"\/fr\/wp-json\/wp\/v2\/pages\/533\" data-token=\"01a849ceb0cb80851963240edfc82dfb\" data-token-time=\"1778114998\"><noscript class=\"wpforms-error-noscript\">Please enable JavaScript in your browser to complete this form.<\/noscript><div class=\"wpforms-field-container\"><div id=\"wpforms-872-field_3-container\" class=\"wpforms-field wpforms-field-text\" data-field-id=\"3\"><label class=\"wpforms-field-label\" for=\"wpforms-872-field_3\">Nom de l&#039;institution \/ entreprise <span class=\"wpforms-required-label\">*<\/span><\/label><input type=\"text\" id=\"wpforms-872-field_3\" class=\"wpforms-field-medium wpforms-field-required\" name=\"wpforms[fields][3]\" required><\/div><div id=\"wpforms-872-field_0-container\" class=\"wpforms-field wpforms-field-name\" data-field-id=\"0\"><label class=\"wpforms-field-label\" for=\"wpforms-872-field_0\">Nom <span class=\"wpforms-required-label\">*<\/span><\/label><input type=\"text\" id=\"wpforms-872-field_0\" class=\"wpforms-field-medium wpforms-field-required\" name=\"wpforms[fields][0]\" required><\/div><div id=\"wpforms-872-field_1-container\" class=\"wpforms-field wpforms-field-email\" data-field-id=\"1\"><label class=\"wpforms-field-label\" for=\"wpforms-872-field_1\">Email <span class=\"wpforms-required-label\">*<\/span><\/label><input type=\"email\" id=\"wpforms-872-field_1\" class=\"wpforms-field-medium wpforms-field-required\" name=\"wpforms[fields][1]\" spellcheck=\"false\" required><\/div><div id=\"wpforms-872-field_4-container\" class=\"wpforms-field wpforms-field-number\" data-field-id=\"4\"><label class=\"wpforms-field-label\" for=\"wpforms-872-field_4\">Num\u00e9ro de t\u00e9l\u00e9phone <span class=\"wpforms-required-label\">*<\/span><\/label><input type=\"number\" id=\"wpforms-872-field_4\" class=\"wpforms-field-medium wpforms-field-required\" name=\"wpforms[fields][4]\" step=\"any\" required><\/div><div id=\"wpforms-872-field_5-container\" class=\"wpforms-field wpforms-field-text\" data-field-id=\"5\"><label class=\"wpforms-field-label\" for=\"wpforms-872-field_5\">Pays <span class=\"wpforms-required-label\">*<\/span><\/label><input type=\"text\" id=\"wpforms-872-field_5\" class=\"wpforms-field-medium wpforms-field-required\" name=\"wpforms[fields][5]\" required><\/div><div id=\"wpforms-872-field_2-container\" class=\"wpforms-field wpforms-field-textarea\" data-field-id=\"2\"><label class=\"wpforms-field-label\" for=\"wpforms-872-field_2\">Adresse <span class=\"wpforms-required-label\">*<\/span><\/label><textarea id=\"wpforms-872-field_2\" class=\"wpforms-field-medium wpforms-field-required\" name=\"wpforms[fields][2]\" required><\/textarea><\/div><div id=\"wpforms-872-field_8-container\" class=\"wpforms-field wpforms-field-textarea\" data-field-id=\"8\"><label class=\"wpforms-field-label\" for=\"wpforms-872-field_8\">Un message <span class=\"wpforms-required-label\">*<\/span><\/label><textarea id=\"wpforms-872-field_8\" class=\"wpforms-field-medium wpforms-field-required\" name=\"wpforms[fields][8]\" required><\/textarea><\/div><\/div><!-- .wpforms-field-container --><div class=\"wpforms-submit-container\" ><input type=\"hidden\" name=\"wpforms[id]\" value=\"872\"><input type=\"hidden\" name=\"page_title\" value=\"\"><input type=\"hidden\" name=\"page_url\" value=\"https:\/\/www.alamalalsharif.com\/fr\/wp-json\/wp\/v2\/pages\/533\"><input type=\"hidden\" name=\"url_referer\" value=\"\"><button type=\"submit\" name=\"wpforms[submit]\" id=\"wpforms-submit-872\" class=\"wpforms-submit\" data-alt-text=\"Sending...\" data-submit-text=\"Submit\" aria-live=\"assertive\" value=\"wpforms-submit\">Submit<\/button><\/div><\/form><\/div>  <!-- .wpforms-container -->\n<\/div>\n<\/div><\/div>\n","protected":false},"excerpt":{"rendered":"","protected":false},"author":1,"featured_media":545,"parent":0,"menu_order":0,"comment_status":"closed","ping_status":"closed","template":"","meta":{"_coblocks_attr":"","_coblocks_dimensions":"","_coblocks_responsive_height":"","_coblocks_accordion_ie_support":"","_uag_custom_page_level_css":"","_themeisle_gutenberg_block_has_review":false,"footnotes":""},"class_list":["post-533","page","type-page","status-publish","has-post-thumbnail","hentry"],"translation":{"provider":"WPGlobus","version":"3.0.2","language":"fr","enabled_languages":["en","fr","ar"],"languages":{"en":{"title":true,"content":true,"excerpt":false},"fr":{"title":true,"content":true,"excerpt":false},"ar":{"title":true,"content":true,"excerpt":false}}},"yoast_head":"<!-- This site is optimized with the Yoast SEO plugin v27.4 - https:\/\/yoast.com\/product\/yoast-seo-wordpress\/ -->\n<title>\u00a0Export\u00a0 - Alamal Alsharif Plastics<\/title>\n<meta name=\"robots\" content=\"index, follow, max-snippet:-1, max-image-preview:large, max-video-preview:-1\" \/>\n<link rel=\"canonical\" href=\"https:\/\/www.alamalalsharif.com\/fr\/export\/\" class=\"yoast-seo-meta-tag\" \/>\n<meta property=\"og:locale\" content=\"fr_FR\" class=\"yoast-seo-meta-tag\" \/>\n<meta property=\"og:type\" content=\"article\" class=\"yoast-seo-meta-tag\" \/>\n<meta property=\"og:title\" content=\"\u00a0Export\u00a0 - Alamal Alsharif Plastics\" class=\"yoast-seo-meta-tag\" \/>\n<meta property=\"og:url\" content=\"https:\/\/www.alamalalsharif.com\/fr\/export\/\" class=\"yoast-seo-meta-tag\" \/>\n<meta property=\"og:site_name\" content=\"Alamal Alsharif Plastics\" class=\"yoast-seo-meta-tag\" \/>\n<meta property=\"article:modified_time\" content=\"2021-08-28T08:21:03+00:00\" class=\"yoast-seo-meta-tag\" \/>\n<meta property=\"og:image\" content=\"https:\/\/www.alamalalsharif.com\/wp-content\/uploads\/2021\/02\/news.jpg\" class=\"yoast-seo-meta-tag\" \/>\n\t<meta property=\"og:image:width\" content=\"1260\" class=\"yoast-seo-meta-tag\" \/>\n\t<meta property=\"og:image:height\" content=\"372\" class=\"yoast-seo-meta-tag\" \/>\n\t<meta property=\"og:image:type\" content=\"image\/jpeg\" class=\"yoast-seo-meta-tag\" \/>\n<meta name=\"twitter:card\" content=\"summary_large_image\" class=\"yoast-seo-meta-tag\" \/>\n<meta name=\"twitter:label1\" content=\"Est. reading time\" class=\"yoast-seo-meta-tag\" \/>\n\t<meta name=\"twitter:data1\" content=\"2 minutes\" class=\"yoast-seo-meta-tag\" \/>\n<script type=\"application\/ld+json\" class=\"yoast-schema-graph\">{\"@context\":\"https:\\\/\\\/schema.org\",\"@graph\":[{\"@type\":\"WebPage\",\"@id\":\"https:\\\/\\\/www.alamalalsharif.com\\\/fr\\\/export\\\/\",\"url\":\"https:\\\/\\\/www.alamalalsharif.com\\\/fr\\\/export\\\/\",\"name\":\"\u00a0Export\u00a0 - Alamal Alsharif Plastics\",\"isPartOf\":{\"@id\":\"https:\\\/\\\/www.alamalalsharif.com\\\/#website\"},\"primaryImageOfPage\":{\"@id\":\"https:\\\/\\\/www.alamalalsharif.com\\\/fr\\\/export\\\/#primaryimage\"},\"image\":{\"@id\":\"https:\\\/\\\/www.alamalalsharif.com\\\/fr\\\/export\\\/#primaryimage\"},\"thumbnailUrl\":\"https:\\\/\\\/www.alamalalsharif.com\\\/wp-content\\\/uploads\\\/2021\\\/02\\\/news.jpg\",\"datePublished\":\"2021-02-10T12:17:03+00:00\",\"dateModified\":\"2021-08-28T08:21:03+00:00\",\"breadcrumb\":{\"@id\":\"https:\\\/\\\/www.alamalalsharif.com\\\/fr\\\/export\\\/#breadcrumb\"},\"inLanguage\":\"fr-FR\",\"potentialAction\":[{\"@type\":\"ReadAction\",\"target\":[\"https:\\\/\\\/www.alamalalsharif.com\\\/fr\\\/export\\\/\"]}]},{\"@type\":\"ImageObject\",\"inLanguage\":\"fr-FR\",\"@id\":\"https:\\\/\\\/www.alamalalsharif.com\\\/fr\\\/export\\\/#primaryimage\",\"url\":\"https:\\\/\\\/www.alamalalsharif.com\\\/wp-content\\\/uploads\\\/2021\\\/02\\\/news.jpg\",\"contentUrl\":\"https:\\\/\\\/www.alamalalsharif.com\\\/wp-content\\\/uploads\\\/2021\\\/02\\\/news.jpg\",\"width\":1260,\"height\":372},{\"@type\":\"BreadcrumbList\",\"@id\":\"https:\\\/\\\/www.alamalalsharif.com\\\/fr\\\/export\\\/#breadcrumb\",\"itemListElement\":[{\"@type\":\"ListItem\",\"position\":1,\"name\":\"Home\",\"item\":\"https:\\\/\\\/www.alamalalsharif.com\\\/\"},{\"@type\":\"ListItem\",\"position\":2,\"name\":\"\u00a0Export\u00a0\"}]},{\"@type\":\"WebSite\",\"@id\":\"https:\\\/\\\/www.alamalalsharif.com\\\/#website\",\"url\":\"https:\\\/\\\/www.alamalalsharif.com\\\/\",\"name\":\"Alamal Alsharif Plastics\",\"description\":\"Conveying sources of life\",\"publisher\":{\"@id\":\"https:\\\/\\\/www.alamalalsharif.com\\\/#organization\"},\"potentialAction\":[{\"@type\":\"SearchAction\",\"target\":{\"@type\":\"EntryPoint\",\"urlTemplate\":\"https:\\\/\\\/www.alamalalsharif.com\\\/?s={search_term_string}\"},\"query-input\":{\"@type\":\"PropertyValueSpecification\",\"valueRequired\":true,\"valueName\":\"search_term_string\"}}],\"inLanguage\":\"fr-FR\"},{\"@type\":\"Organization\",\"@id\":\"https:\\\/\\\/www.alamalalsharif.com\\\/#organization\",\"name\":\"Alamal Alsharif Plastics\",\"url\":\"https:\\\/\\\/www.alamalalsharif.com\\\/\",\"logo\":{\"@type\":\"ImageObject\",\"inLanguage\":\"fr-FR\",\"@id\":\"https:\\\/\\\/www.alamalalsharif.com\\\/#\\\/schema\\\/logo\\\/image\\\/\",\"url\":\"https:\\\/\\\/www.alamalalsharif.com\\\/wp-content\\\/uploads\\\/2021\\\/08\\\/Alamal-Alsharif-Final-Logo-v1.png\",\"contentUrl\":\"https:\\\/\\\/www.alamalalsharif.com\\\/wp-content\\\/uploads\\\/2021\\\/08\\\/Alamal-Alsharif-Final-Logo-v1.png\",\"width\":600,\"height\":162,\"caption\":\"Alamal Alsharif Plastics\"},\"image\":{\"@id\":\"https:\\\/\\\/www.alamalalsharif.com\\\/#\\\/schema\\\/logo\\\/image\\\/\"}}]}<\/script>\n<!-- \/ Yoast SEO plugin. -->","yoast_head_json":{"title":"\u00a0Export\u00a0 - Alamal Alsharif Plastics","robots":{"index":"index","follow":"follow","max-snippet":"max-snippet:-1","max-image-preview":"max-image-preview:large","max-video-preview":"max-video-preview:-1"},"canonical":"https:\/\/www.alamalalsharif.com\/fr\/export\/","og_locale":"fr_FR","og_type":"article","og_title":"\u00a0Export\u00a0 - Alamal Alsharif Plastics","og_url":"https:\/\/www.alamalalsharif.com\/fr\/export\/","og_site_name":"Alamal Alsharif Plastics","article_modified_time":"2021-08-28T08:21:03+00:00","og_image":[{"width":1260,"height":372,"url":"https:\/\/www.alamalalsharif.com\/wp-content\/uploads\/2021\/02\/news.jpg","type":"image\/jpeg"}],"twitter_card":"summary_large_image","twitter_misc":{"Est. reading time":"2 minutes"},"schema":{"@context":"https:\/\/schema.org","@graph":[{"@type":"WebPage","@id":"https:\/\/www.alamalalsharif.com\/fr\/export\/","url":"https:\/\/www.alamalalsharif.com\/fr\/export\/","name":"\u00a0Export\u00a0 - Alamal Alsharif Plastics","isPartOf":{"@id":"https:\/\/www.alamalalsharif.com\/#website"},"primaryImageOfPage":{"@id":"https:\/\/www.alamalalsharif.com\/fr\/export\/#primaryimage"},"image":{"@id":"https:\/\/www.alamalalsharif.com\/fr\/export\/#primaryimage"},"thumbnailUrl":"https:\/\/www.alamalalsharif.com\/wp-content\/uploads\/2021\/02\/news.jpg","datePublished":"2021-02-10T12:17:03+00:00","dateModified":"2021-08-28T08:21:03+00:00","breadcrumb":{"@id":"https:\/\/www.alamalalsharif.com\/fr\/export\/#breadcrumb"},"inLanguage":"fr-FR","potentialAction":[{"@type":"ReadAction","target":["https:\/\/www.alamalalsharif.com\/fr\/export\/"]}]},{"@type":"ImageObject","inLanguage":"fr-FR","@id":"https:\/\/www.alamalalsharif.com\/fr\/export\/#primaryimage","url":"https:\/\/www.alamalalsharif.com\/wp-content\/uploads\/2021\/02\/news.jpg","contentUrl":"https:\/\/www.alamalalsharif.com\/wp-content\/uploads\/2021\/02\/news.jpg","width":1260,"height":372},{"@type":"BreadcrumbList","@id":"https:\/\/www.alamalalsharif.com\/fr\/export\/#breadcrumb","itemListElement":[{"@type":"ListItem","position":1,"name":"Home","item":"https:\/\/www.alamalalsharif.com\/"},{"@type":"ListItem","position":2,"name":"\u00a0Export\u00a0"}]},{"@type":"WebSite","@id":"https:\/\/www.alamalalsharif.com\/#website","url":"https:\/\/www.alamalalsharif.com\/","name":"Alamal Alsharif Plastics","description":"Conveying sources of life","publisher":{"@id":"https:\/\/www.alamalalsharif.com\/#organization"},"potentialAction":[{"@type":"SearchAction","target":{"@type":"EntryPoint","urlTemplate":"https:\/\/www.alamalalsharif.com\/?s={search_term_string}"},"query-input":{"@type":"PropertyValueSpecification","valueRequired":true,"valueName":"search_term_string"}}],"inLanguage":"fr-FR"},{"@type":"Organization","@id":"https:\/\/www.alamalalsharif.com\/#organization","name":"Alamal Alsharif Plastics","url":"https:\/\/www.alamalalsharif.com\/","logo":{"@type":"ImageObject","inLanguage":"fr-FR","@id":"https:\/\/www.alamalalsharif.com\/#\/schema\/logo\/image\/","url":"https:\/\/www.alamalalsharif.com\/wp-content\/uploads\/2021\/08\/Alamal-Alsharif-Final-Logo-v1.png","contentUrl":"https:\/\/www.alamalalsharif.com\/wp-content\/uploads\/2021\/08\/Alamal-Alsharif-Final-Logo-v1.png","width":600,"height":162,"caption":"Alamal Alsharif Plastics"},"image":{"@id":"https:\/\/www.alamalalsharif.com\/#\/schema\/logo\/image\/"}}]}},"uagb_featured_image_src":{"full":["https:\/\/www.alamalalsharif.com\/wp-content\/uploads\/2021\/02\/news.jpg",1260,372,false],"thumbnail":["https:\/\/www.alamalalsharif.com\/wp-content\/uploads\/2021\/02\/news-150x150.jpg",150,150,true],"medium":["https:\/\/www.alamalalsharif.com\/wp-content\/uploads\/2021\/02\/news-300x89.jpg",300,89,true],"medium_large":["https:\/\/www.alamalalsharif.com\/wp-content\/uploads\/2021\/02\/news-768x227.jpg",750,222,true],"large":["https:\/\/www.alamalalsharif.com\/wp-content\/uploads\/2021\/02\/news-1024x302.jpg",750,221,true],"1536x1536":["https:\/\/www.alamalalsharif.com\/wp-content\/uploads\/2021\/02\/news.jpg",1260,372,false],"2048x2048":["https:\/\/www.alamalalsharif.com\/wp-content\/uploads\/2021\/02\/news.jpg",1260,372,false],"hestia-blog":["https:\/\/www.alamalalsharif.com\/wp-content\/uploads\/2021\/02\/news-360x240.jpg",360,240,true]},"uagb_author_info":{"display_name":"AlsharifM","author_link":"https:\/\/www.alamalalsharif.com\/fr\/author\/alamals\/"},"uagb_comment_info":0,"uagb_excerpt":null,"_links":{"self":[{"href":"https:\/\/www.alamalalsharif.com\/fr\/wp-json\/wp\/v2\/pages\/533","targetHints":{"allow":["GET"]}}],"collection":[{"href":"https:\/\/www.alamalalsharif.com\/fr\/wp-json\/wp\/v2\/pages"}],"about":[{"href":"https:\/\/www.alamalalsharif.com\/fr\/wp-json\/wp\/v2\/types\/page"}],"author":[{"embeddable":true,"href":"https:\/\/www.alamalalsharif.com\/fr\/wp-json\/wp\/v2\/users\/1"}],"replies":[{"embeddable":true,"href":"https:\/\/www.alamalalsharif.com\/fr\/wp-json\/wp\/v2\/comments?post=533"}],"version-history":[{"count":17,"href":"https:\/\/www.alamalalsharif.com\/fr\/wp-json\/wp\/v2\/pages\/533\/revisions"}],"predecessor-version":[{"id":2969,"href":"https:\/\/www.alamalalsharif.com\/fr\/wp-json\/wp\/v2\/pages\/533\/revisions\/2969"}],"wp:featuredmedia":[{"embeddable":true,"href":"https:\/\/www.alamalalsharif.com\/fr\/wp-json\/wp\/v2\/media\/545"}],"wp:attachment":[{"href":"https:\/\/www.alamalalsharif.com\/fr\/wp-json\/wp\/v2\/media?parent=533"}],"curies":[{"name":"wp","href":"https:\/\/api.w.org\/{rel}","templated":true}]}}