{"id":502,"date":"2021-02-07T16:04:04","date_gmt":"2021-02-07T16:04:04","guid":{"rendered":"https:\/\/www.aaplastco.com\/?page_id=502"},"modified":"2021-08-28T08:30:07","modified_gmt":"2021-08-28T08:30:07","slug":"about-us","status":"publish","type":"page","link":"https:\/\/www.alamalalsharif.com\/fr\/about-us\/","title":{"rendered":"\u00c0 propos de nous"},"content":{"rendered":"\n<div class=\"wp-block-themeisle-blocks-advanced-columns has-1-columns has-desktop-equal-layout has-tablet-equal-layout has-mobile-equal-layout has-default-gap has-vertical-unset\" id=\"wp-block-themeisle-blocks-advanced-columns-f5068ccd\"><div class=\"wp-block-themeisle-blocks-advanced-columns-overlay\"><\/div><div class=\"innerblocks-wrap\">\n<div class=\"wp-block-themeisle-blocks-advanced-column\" id=\"wp-block-themeisle-blocks-advanced-column-64f6ea60\">\n<p>Croyant au r\u00f4le vital que jouent les projets de d\u00e9veloppement urbain et d&#8217;infrastructure dans l&#8217;\u00e9dification et la croissance des soci\u00e9t\u00e9s, nous avons cr\u00e9\u00e9 l&#8217;entreprise Plastiques Al Amal Al Sharif en 1964 sous le nom Plastiques Al Sharif.<\/p>\n\n\n\n<p>L\u2019entreprise est fi\u00e8re de fournir l\u2019approvisionnement en r\u00e9seaux d\u2019eau potable et d\u2019assainissement indispensables pour les plans de d\u00e9veloppement et les projets de construction, d\u2019infrastructure et d\u2019agriculture, participant ainsi au soutien de l\u2019\u00e9conomie nationale.<\/p>\n\n\n\n<p>L\u2019entreprise Al Amal Al Sharif a connu un lancement r\u00e9ussi sur le march\u00e9 \u00e9gyptien et les march\u00e9s voisins en 1995. Elle est consid\u00e9r\u00e9e comme la meilleure entreprise et la soci\u00e9t\u00e9 la plus d\u00e9velopp\u00e9e dans toute la r\u00e9gion arabe. La soci\u00e9t\u00e9 est \u00e9galement connue pour son excellence dans la fabrication de syst\u00e8mes d&#8217;approvisionnement en eau, de solutions de drainage et de raccordements d&#8217;eau de haute qualit\u00e9 pour divers secteurs de projets en \u00c9gypte, dans la r\u00e9gion arabe et dans les pays africains.<\/p>\n\n\n\n<p>Depuis plus d&#8217;un demi-si\u00e8cle, l&#8217;entreprise est connue pour sa r\u00e9putation en mati\u00e8re de qualit\u00e9 et de ma\u00eetrise. Elle a \u00e9galement \u00e9tabli sa r\u00e9putation en r\u00e9pondant aux besoins des clients avec efficacit\u00e9, dans le domaine de la fabrication de tuyaux et de raccords de diff\u00e9rents diam\u00e8tres utilis\u00e9s dans divers secteurs. De plus, les produits et solutions de l&#8217;entreprise d&#8217;Al-Amal Al-Sharif r\u00e9pondent aux besoins des projets de d\u00e9veloppement urbain en ce qui concerne les diff\u00e9rents types de canalisations pour les r\u00e9seaux d&#8217;eau potable et d&#8217;assainissement, d&#8217;\u00e9lectricit\u00e9 et de t\u00e9l\u00e9phone. Elle r\u00e9pond \u00e9galement aux projets de d\u00e9veloppement agricole qui n\u00e9cessitent des tuyaux pour puits de diff\u00e9rents diam\u00e8tres et la construction de r\u00e9seaux d&#8217;irrigation ; en particulier, les projets de remise en \u00e9tat des terres, qui s&#8217;accompagnent de l&#8217;utilisation de m\u00e9thodes modernes d&#8217;irrigation. Toutes ces raisons rendent l&#8217;utilisation des produits Al-Amal Al-Sharif indispensable afin d\u2019assurer l&#8217;efficacit\u00e9 et la durabilit\u00e9.&nbsp;&nbsp;<\/p>\n\n\n\n<p>L&#8217;entreprise Al-Amal Al-Sharif utilise les technologies industrielles allemandes les plus r\u00e9centes et un cahier des charges pour la fabrication de tuyaux et de raccords pour l&#8217;approvisionnement en eau, le drainage et l\u2019assainissement. L&#8217;entreprise poss\u00e8de trois usines produisant les conduites et les raccords, totalisant 93 machines d\u2019extrusion et d&#8217;injection. La production annuelle de l&#8217;entreprise s&#8217;\u00e9l\u00e8ve \u00e0 60,000 tonnes de conduites et 12,000 tonnes de raccords, ce qui permet de fournir des milliers de projets r\u00e9ussis en conduites d&#8217;approvisionnement en eau, de drainage et d&#8217;assainissement.<\/p>\n\n\n\n<p>Nos efforts continus nous ont permis d\u2019atteindre un total de 40 machines d\u2019extrusion et 53 machines d\u2019injection, notre entreprise produisant plus de 60.00 tonnes de tuyaux et 12.000 tonnes de raccords par an.<\/p>\n\n\n\n<p>Nombre de machines&nbsp;: 40 machines d\u2019extrusion et 53 machines d\u2019injection.<\/p>\n<\/div>\n<\/div><\/div>\n\n\n\n<div class=\"wp-block-themeisle-blocks-advanced-columns has-1-columns has-desktop-equal-layout has-tablet-equal-layout has-mobile-equal-layout has-default-gap has-vertical-unset\" id=\"wp-block-themeisle-blocks-advanced-columns-6ba341df\"><div class=\"wp-block-themeisle-blocks-advanced-columns-overlay\"><\/div><div class=\"innerblocks-wrap\">\n<div class=\"wp-block-themeisle-blocks-advanced-column\" id=\"wp-block-themeisle-blocks-advanced-column-f1a67f45\">\n<h4 class=\"has-background-color-color has-text-color wp-block-heading\"><strong>Notre \u00e9volution<\/strong><\/h4>\n\n\n\n<p>L&#8217;entreprise Al-Amal Al-Sharif a entrepris un d\u00e9veloppement permanent pour suivre le rythme de la croissance \u00e9conomique continue en \u00c9gypte. Elle a saisi les opportunit\u00e9s d&#8217;expansion sur les march\u00e9s locaux, horizontalement et verticalement. Notre exp\u00e9rience et le succ\u00e8s de nos projets sur le march\u00e9 \u00e9gyptien ont contribu\u00e9 \u00e0 l&#8217;ouverture de nouveaux march\u00e9s \u00e0 proximit\u00e9. Cela a conduit \u00e0 une augmentation de la capacit\u00e9 de production annuelle de l&#8217;entreprise et donc \u00e0 offrir de r\u00e9elles opportunit\u00e9s d&#8217;emploi aux travailleurs techniques et administratifs \u00e9gyptiens dans divers domaines, avec un investissement continu dans la formation de nos cadres.<\/p>\n\n\n\n<p>Afin de r\u00e9pondre aux besoins croissants des march\u00e9s, nous avons augment\u00e9 la force de production et la superficie de nos usines, passant de 90 000 m\u00e8tres carr\u00e9s \u00e0 200 000 m\u00e8tres carr\u00e9s. Par cons\u00e9quent, les produits de l&#8217;entreprise Al-Amal Al-Sharif occupent une position de leader au niveau local et international.<\/p>\n\n\n\n<p>Notre entreprise est le bon point de d\u00e9part pour r\u00e9pondre aux besoins des projets d&#8217;infrastructure et de d\u00e9veloppement urbain, car elle fournit aux march\u00e9s locaux et \u00e9trangers les produits suivants :<\/p>\n\n\n\n<ul class=\"wp-block-list\"><li>Tuyaux et raccords en polypropyl\u00e8ne, vannes et mat\u00e9riaux.<\/li><li>Tuyaux et raccords pour pression de 20 m \u00e0 710 m pour l&#8217;eau d&#8217;alimentation.<\/li><li>Tuyaux et raccords de drainage de 20 m \u00e0 710 m.<\/li><li>Tuyaux des c\u00e2bles \u00e9lectriques et des r\u00e9seaux de drainage.<\/li><li>Tuyaux pour puits et pour les r\u00e9seaux d&#8217;irrigation dans les projets d&#8217;expansion de la remise en \u00e9tat des terres.<\/li><li>Tuyaux et raccords en PVC blanc pour drainage \u00e0 l&#8217;int\u00e9rieur des b\u00e2timents et des installations<\/li><\/ul>\n<\/div>\n<\/div><\/div>\n","protected":false},"excerpt":{"rendered":"","protected":false},"author":1,"featured_media":542,"parent":0,"menu_order":0,"comment_status":"closed","ping_status":"closed","template":"","meta":{"_coblocks_attr":"","_coblocks_dimensions":"","_coblocks_responsive_height":"","_coblocks_accordion_ie_support":"","_uag_custom_page_level_css":"","_themeisle_gutenberg_block_has_review":false,"footnotes":""},"class_list":["post-502","page","type-page","status-publish","has-post-thumbnail","hentry"],"translation":{"provider":"WPGlobus","version":"3.0.2","language":"fr","enabled_languages":["en","fr","ar"],"languages":{"en":{"title":true,"content":true,"excerpt":false},"fr":{"title":true,"content":true,"excerpt":false},"ar":{"title":true,"content":true,"excerpt":false}}},"yoast_head":"<!-- This site is optimized with the Yoast SEO plugin v27.4 - https:\/\/yoast.com\/product\/yoast-seo-wordpress\/ -->\n<title>\u00c0 propos de nous - Alamal Alsharif Plastics<\/title>\n<meta name=\"robots\" content=\"index, follow, max-snippet:-1, max-image-preview:large, max-video-preview:-1\" \/>\n<link rel=\"canonical\" href=\"https:\/\/www.alamalalsharif.com\/ar\/about-us\/\" class=\"yoast-seo-meta-tag\" \/>\n<meta property=\"og:locale\" content=\"fr_FR\" class=\"yoast-seo-meta-tag\" \/>\n<meta property=\"og:type\" content=\"article\" class=\"yoast-seo-meta-tag\" \/>\n<meta property=\"og:title\" content=\"\u00c0 propos de nous - Alamal Alsharif Plastics\" class=\"yoast-seo-meta-tag\" \/>\n<meta property=\"og:url\" content=\"https:\/\/www.alamalalsharif.com\/ar\/about-us\/\" class=\"yoast-seo-meta-tag\" \/>\n<meta property=\"og:site_name\" content=\"Alamal Alsharif Plastics\" class=\"yoast-seo-meta-tag\" \/>\n<meta property=\"article:modified_time\" content=\"2021-08-28T08:30:07+00:00\" class=\"yoast-seo-meta-tag\" \/>\n<meta property=\"og:image\" content=\"https:\/\/www.alamalalsharif.com\/wp-content\/uploads\/2021\/02\/Double1.jpg\" class=\"yoast-seo-meta-tag\" \/>\n\t<meta property=\"og:image:width\" content=\"1260\" class=\"yoast-seo-meta-tag\" \/>\n\t<meta property=\"og:image:height\" content=\"371\" class=\"yoast-seo-meta-tag\" \/>\n\t<meta property=\"og:image:type\" content=\"image\/jpeg\" class=\"yoast-seo-meta-tag\" \/>\n<meta name=\"twitter:card\" content=\"summary_large_image\" class=\"yoast-seo-meta-tag\" \/>\n<meta name=\"twitter:label1\" content=\"Est. reading time\" class=\"yoast-seo-meta-tag\" \/>\n\t<meta name=\"twitter:data1\" content=\"3 minutes\" class=\"yoast-seo-meta-tag\" \/>\n<script type=\"application\/ld+json\" class=\"yoast-schema-graph\">{\"@context\":\"https:\\\/\\\/schema.org\",\"@graph\":[{\"@type\":\"WebPage\",\"@id\":\"https:\\\/\\\/www.alamalalsharif.com\\\/ar\\\/about-us\\\/\",\"url\":\"https:\\\/\\\/www.alamalalsharif.com\\\/ar\\\/about-us\\\/\",\"name\":\"\u00c0 propos de nous - Alamal Alsharif Plastics\",\"isPartOf\":{\"@id\":\"https:\\\/\\\/www.alamalalsharif.com\\\/#website\"},\"primaryImageOfPage\":{\"@id\":\"https:\\\/\\\/www.alamalalsharif.com\\\/ar\\\/about-us\\\/#primaryimage\"},\"image\":{\"@id\":\"https:\\\/\\\/www.alamalalsharif.com\\\/ar\\\/about-us\\\/#primaryimage\"},\"thumbnailUrl\":\"https:\\\/\\\/www.alamalalsharif.com\\\/wp-content\\\/uploads\\\/2021\\\/02\\\/Double1.jpg\",\"datePublished\":\"2021-02-07T16:04:04+00:00\",\"dateModified\":\"2021-08-28T08:30:07+00:00\",\"breadcrumb\":{\"@id\":\"https:\\\/\\\/www.alamalalsharif.com\\\/ar\\\/about-us\\\/#breadcrumb\"},\"inLanguage\":\"fr-FR\",\"potentialAction\":[{\"@type\":\"ReadAction\",\"target\":[\"https:\\\/\\\/www.alamalalsharif.com\\\/ar\\\/about-us\\\/\"]}]},{\"@type\":\"ImageObject\",\"inLanguage\":\"fr-FR\",\"@id\":\"https:\\\/\\\/www.alamalalsharif.com\\\/ar\\\/about-us\\\/#primaryimage\",\"url\":\"https:\\\/\\\/www.alamalalsharif.com\\\/wp-content\\\/uploads\\\/2021\\\/02\\\/Double1.jpg\",\"contentUrl\":\"https:\\\/\\\/www.alamalalsharif.com\\\/wp-content\\\/uploads\\\/2021\\\/02\\\/Double1.jpg\",\"width\":1260,\"height\":371},{\"@type\":\"BreadcrumbList\",\"@id\":\"https:\\\/\\\/www.alamalalsharif.com\\\/ar\\\/about-us\\\/#breadcrumb\",\"itemListElement\":[{\"@type\":\"ListItem\",\"position\":1,\"name\":\"Home\",\"item\":\"https:\\\/\\\/www.alamalalsharif.com\\\/\"},{\"@type\":\"ListItem\",\"position\":2,\"name\":\"\u0639\u0646 \u0634\u0631\u0643\u062a\u0646\u0627\"}]},{\"@type\":\"WebSite\",\"@id\":\"https:\\\/\\\/www.alamalalsharif.com\\\/#website\",\"url\":\"https:\\\/\\\/www.alamalalsharif.com\\\/\",\"name\":\"Alamal Alsharif Plastics\",\"description\":\"Conveying sources of life\",\"publisher\":{\"@id\":\"https:\\\/\\\/www.alamalalsharif.com\\\/#organization\"},\"potentialAction\":[{\"@type\":\"SearchAction\",\"target\":{\"@type\":\"EntryPoint\",\"urlTemplate\":\"https:\\\/\\\/www.alamalalsharif.com\\\/?s={search_term_string}\"},\"query-input\":{\"@type\":\"PropertyValueSpecification\",\"valueRequired\":true,\"valueName\":\"search_term_string\"}}],\"inLanguage\":\"fr-FR\"},{\"@type\":\"Organization\",\"@id\":\"https:\\\/\\\/www.alamalalsharif.com\\\/#organization\",\"name\":\"Alamal Alsharif Plastics\",\"url\":\"https:\\\/\\\/www.alamalalsharif.com\\\/\",\"logo\":{\"@type\":\"ImageObject\",\"inLanguage\":\"fr-FR\",\"@id\":\"https:\\\/\\\/www.alamalalsharif.com\\\/#\\\/schema\\\/logo\\\/image\\\/\",\"url\":\"https:\\\/\\\/www.alamalalsharif.com\\\/wp-content\\\/uploads\\\/2021\\\/08\\\/Alamal-Alsharif-Final-Logo-v1.png\",\"contentUrl\":\"https:\\\/\\\/www.alamalalsharif.com\\\/wp-content\\\/uploads\\\/2021\\\/08\\\/Alamal-Alsharif-Final-Logo-v1.png\",\"width\":600,\"height\":162,\"caption\":\"Alamal Alsharif Plastics\"},\"image\":{\"@id\":\"https:\\\/\\\/www.alamalalsharif.com\\\/#\\\/schema\\\/logo\\\/image\\\/\"}}]}<\/script>\n<!-- \/ Yoast SEO plugin. -->","yoast_head_json":{"title":"\u00c0 propos de nous - Alamal Alsharif Plastics","robots":{"index":"index","follow":"follow","max-snippet":"max-snippet:-1","max-image-preview":"max-image-preview:large","max-video-preview":"max-video-preview:-1"},"canonical":"https:\/\/www.alamalalsharif.com\/ar\/about-us\/","og_locale":"fr_FR","og_type":"article","og_title":"\u00c0 propos de nous - Alamal Alsharif Plastics","og_url":"https:\/\/www.alamalalsharif.com\/ar\/about-us\/","og_site_name":"Alamal Alsharif Plastics","article_modified_time":"2021-08-28T08:30:07+00:00","og_image":[{"width":1260,"height":371,"url":"https:\/\/www.alamalalsharif.com\/wp-content\/uploads\/2021\/02\/Double1.jpg","type":"image\/jpeg"}],"twitter_card":"summary_large_image","twitter_misc":{"Est. reading time":"3 minutes"},"schema":{"@context":"https:\/\/schema.org","@graph":[{"@type":"WebPage","@id":"https:\/\/www.alamalalsharif.com\/ar\/about-us\/","url":"https:\/\/www.alamalalsharif.com\/ar\/about-us\/","name":"\u00c0 propos de nous - Alamal Alsharif Plastics","isPartOf":{"@id":"https:\/\/www.alamalalsharif.com\/#website"},"primaryImageOfPage":{"@id":"https:\/\/www.alamalalsharif.com\/ar\/about-us\/#primaryimage"},"image":{"@id":"https:\/\/www.alamalalsharif.com\/ar\/about-us\/#primaryimage"},"thumbnailUrl":"https:\/\/www.alamalalsharif.com\/wp-content\/uploads\/2021\/02\/Double1.jpg","datePublished":"2021-02-07T16:04:04+00:00","dateModified":"2021-08-28T08:30:07+00:00","breadcrumb":{"@id":"https:\/\/www.alamalalsharif.com\/ar\/about-us\/#breadcrumb"},"inLanguage":"fr-FR","potentialAction":[{"@type":"ReadAction","target":["https:\/\/www.alamalalsharif.com\/ar\/about-us\/"]}]},{"@type":"ImageObject","inLanguage":"fr-FR","@id":"https:\/\/www.alamalalsharif.com\/ar\/about-us\/#primaryimage","url":"https:\/\/www.alamalalsharif.com\/wp-content\/uploads\/2021\/02\/Double1.jpg","contentUrl":"https:\/\/www.alamalalsharif.com\/wp-content\/uploads\/2021\/02\/Double1.jpg","width":1260,"height":371},{"@type":"BreadcrumbList","@id":"https:\/\/www.alamalalsharif.com\/ar\/about-us\/#breadcrumb","itemListElement":[{"@type":"ListItem","position":1,"name":"Home","item":"https:\/\/www.alamalalsharif.com\/"},{"@type":"ListItem","position":2,"name":"\u0639\u0646 \u0634\u0631\u0643\u062a\u0646\u0627"}]},{"@type":"WebSite","@id":"https:\/\/www.alamalalsharif.com\/#website","url":"https:\/\/www.alamalalsharif.com\/","name":"Alamal Alsharif Plastics","description":"Conveying sources of life","publisher":{"@id":"https:\/\/www.alamalalsharif.com\/#organization"},"potentialAction":[{"@type":"SearchAction","target":{"@type":"EntryPoint","urlTemplate":"https:\/\/www.alamalalsharif.com\/?s={search_term_string}"},"query-input":{"@type":"PropertyValueSpecification","valueRequired":true,"valueName":"search_term_string"}}],"inLanguage":"fr-FR"},{"@type":"Organization","@id":"https:\/\/www.alamalalsharif.com\/#organization","name":"Alamal Alsharif Plastics","url":"https:\/\/www.alamalalsharif.com\/","logo":{"@type":"ImageObject","inLanguage":"fr-FR","@id":"https:\/\/www.alamalalsharif.com\/#\/schema\/logo\/image\/","url":"https:\/\/www.alamalalsharif.com\/wp-content\/uploads\/2021\/08\/Alamal-Alsharif-Final-Logo-v1.png","contentUrl":"https:\/\/www.alamalalsharif.com\/wp-content\/uploads\/2021\/08\/Alamal-Alsharif-Final-Logo-v1.png","width":600,"height":162,"caption":"Alamal Alsharif Plastics"},"image":{"@id":"https:\/\/www.alamalalsharif.com\/#\/schema\/logo\/image\/"}}]}},"uagb_featured_image_src":{"full":["https:\/\/www.alamalalsharif.com\/wp-content\/uploads\/2021\/02\/Double1.jpg",1260,371,false],"thumbnail":["https:\/\/www.alamalalsharif.com\/wp-content\/uploads\/2021\/02\/Double1-150x150.jpg",150,150,true],"medium":["https:\/\/www.alamalalsharif.com\/wp-content\/uploads\/2021\/02\/Double1-300x88.jpg",300,88,true],"medium_large":["https:\/\/www.alamalalsharif.com\/wp-content\/uploads\/2021\/02\/Double1-768x226.jpg",750,221,true],"large":["https:\/\/www.alamalalsharif.com\/wp-content\/uploads\/2021\/02\/Double1-1024x302.jpg",750,221,true],"1536x1536":["https:\/\/www.alamalalsharif.com\/wp-content\/uploads\/2021\/02\/Double1.jpg",1260,371,false],"2048x2048":["https:\/\/www.alamalalsharif.com\/wp-content\/uploads\/2021\/02\/Double1.jpg",1260,371,false],"hestia-blog":["https:\/\/www.alamalalsharif.com\/wp-content\/uploads\/2021\/02\/Double1-360x240.jpg",360,240,true]},"uagb_author_info":{"display_name":"AlsharifM","author_link":"https:\/\/www.alamalalsharif.com\/fr\/author\/alamals\/"},"uagb_comment_info":0,"uagb_excerpt":null,"_links":{"self":[{"href":"https:\/\/www.alamalalsharif.com\/fr\/wp-json\/wp\/v2\/pages\/502","targetHints":{"allow":["GET"]}}],"collection":[{"href":"https:\/\/www.alamalalsharif.com\/fr\/wp-json\/wp\/v2\/pages"}],"about":[{"href":"https:\/\/www.alamalalsharif.com\/fr\/wp-json\/wp\/v2\/types\/page"}],"author":[{"embeddable":true,"href":"https:\/\/www.alamalalsharif.com\/fr\/wp-json\/wp\/v2\/users\/1"}],"replies":[{"embeddable":true,"href":"https:\/\/www.alamalalsharif.com\/fr\/wp-json\/wp\/v2\/comments?post=502"}],"version-history":[{"count":13,"href":"https:\/\/www.alamalalsharif.com\/fr\/wp-json\/wp\/v2\/pages\/502\/revisions"}],"predecessor-version":[{"id":2926,"href":"https:\/\/www.alamalalsharif.com\/fr\/wp-json\/wp\/v2\/pages\/502\/revisions\/2926"}],"wp:featuredmedia":[{"embeddable":true,"href":"https:\/\/www.alamalalsharif.com\/fr\/wp-json\/wp\/v2\/media\/542"}],"wp:attachment":[{"href":"https:\/\/www.alamalalsharif.com\/fr\/wp-json\/wp\/v2\/media?parent=502"}],"curies":[{"name":"wp","href":"https:\/\/api.w.org\/{rel}","templated":true}]}}