{"id":452,"date":"2021-01-09T13:20:27","date_gmt":"2021-01-09T13:20:27","guid":{"rendered":"http:\/\/aapco.ixdev.uk\/?page_id=452"},"modified":"2021-08-28T08:31:35","modified_gmt":"2021-08-28T08:31:35","slug":"environment-and-safety","status":"publish","type":"page","link":"https:\/\/www.alamalalsharif.com\/fr\/environment-and-safety\/","title":{"rendered":"Environnement et s\u00e9curit\u00e9"},"content":{"rendered":"\n<div class=\"wp-block-themeisle-blocks-advanced-columns has-1-columns has-desktop-equal-layout has-tablet-equal-layout has-mobile-equal-layout has-default-gap has-vertical-unset\" id=\"wp-block-themeisle-blocks-advanced-columns-d56c42b5\"><div class=\"wp-block-themeisle-blocks-advanced-columns-overlay\"><\/div><div class=\"innerblocks-wrap\">\n<div class=\"wp-block-themeisle-blocks-advanced-column\" id=\"wp-block-themeisle-blocks-advanced-column-d317ae09\">\n<p>Dans Alamal Alsharif Plastics, nous croyons que le succ\u00e8s de l&#8217;entreprise d\u00e9pend principalement du personnel qui y travaille. Leur comp\u00e9tence, leurs capacit\u00e9s et leur s\u00e9curit\u00e9 sont les premi\u00e8res responsabilit\u00e9s de l&#8217;entreprise, c&#8217;est pourquoi l&#8217;entreprise suit des proc\u00e9dures strictes concernant cet aspect. L&#8217;entreprise applique les normes de la sant\u00e9 et de la s\u00e9curit\u00e9 au travail les plus \u00e9lev\u00e9es et adh\u00e8re au protocole approuv\u00e9.<\/p>\n\n\n\n<p>L&#8217;entreprise comprend un d\u00e9partement sp\u00e9cialis\u00e9 en s\u00e9curit\u00e9 au travail qui surveille et supervise le processus pour assurer les plus hauts niveaux de conformit\u00e9 et de pr\u00e9vention dans les lieux de travail.<\/p>\n\n\n\n<p>En ce qui concerne la s\u00e9curit\u00e9 environnementale, nous sommes conscients de l&#8217;importance du r\u00f4le que nous avons en tant que producteur et fabricant de produits en plastique, dans la pr\u00e9servation de l&#8217;environnement environnant pour garantir l&#8217;utilisation durable des ressources et r\u00e9duire l&#8217;empreinte carbone du processus de production.<\/p>\n\n\n\n<p>L&#8217;entreprise applique les exigences des normes standards du minist\u00e8re \u00e9gyptien de l&#8217;Environnement et des normes internationales, et travaille en permanence pour r\u00e9duire les polluants environnementaux et les \u00e9missions de carbone polluantes, jusqu&#8217;\u00e0 atteindre les normes internationales approuv\u00e9es, ce qui nous a qualifi\u00e9 pour obtenir:<\/p>\n\n\n\n<ul class=\"wp-block-list\"><li>Certifications de qualit\u00e9, environnement, s\u00e9curit\u00e9 et sant\u00e9 au travail <strong>(BS EN ISO 14001:2015, ISO 45001:201<\/strong><strong>8)<\/strong><\/li><\/ul>\n<\/div>\n<\/div><\/div>\n","protected":false},"excerpt":{"rendered":"","protected":false},"author":1,"featured_media":647,"parent":0,"menu_order":0,"comment_status":"closed","ping_status":"closed","template":"","meta":{"_coblocks_attr":"","_coblocks_dimensions":"","_coblocks_responsive_height":"","_coblocks_accordion_ie_support":"","_uag_custom_page_level_css":"","_themeisle_gutenberg_block_has_review":false,"footnotes":""},"class_list":["post-452","page","type-page","status-publish","has-post-thumbnail","hentry"],"translation":{"provider":"WPGlobus","version":"3.0.2","language":"fr","enabled_languages":["en","fr","ar"],"languages":{"en":{"title":true,"content":true,"excerpt":false},"fr":{"title":true,"content":true,"excerpt":false},"ar":{"title":true,"content":true,"excerpt":false}}},"yoast_head":"<!-- This site is optimized with the Yoast SEO plugin v27.4 - https:\/\/yoast.com\/product\/yoast-seo-wordpress\/ -->\n<title>Environnement et s\u00e9curit\u00e9 - Alamal Alsharif Plastics<\/title>\n<meta name=\"robots\" content=\"index, follow, max-snippet:-1, max-image-preview:large, max-video-preview:-1\" \/>\n<link rel=\"canonical\" href=\"https:\/\/www.alamalalsharif.com\/fr\/environment-and-safety\/\" class=\"yoast-seo-meta-tag\" \/>\n<meta property=\"og:locale\" content=\"fr_FR\" class=\"yoast-seo-meta-tag\" \/>\n<meta property=\"og:type\" content=\"article\" class=\"yoast-seo-meta-tag\" \/>\n<meta property=\"og:title\" content=\"Environnement et s\u00e9curit\u00e9 - Alamal Alsharif Plastics\" class=\"yoast-seo-meta-tag\" \/>\n<meta property=\"og:url\" content=\"https:\/\/www.alamalalsharif.com\/fr\/environment-and-safety\/\" class=\"yoast-seo-meta-tag\" \/>\n<meta property=\"og:site_name\" content=\"Alamal Alsharif Plastics\" class=\"yoast-seo-meta-tag\" \/>\n<meta property=\"article:modified_time\" content=\"2021-08-28T08:31:35+00:00\" class=\"yoast-seo-meta-tag\" \/>\n<meta property=\"og:image\" content=\"https:\/\/www.alamalalsharif.com\/wp-content\/uploads\/2021\/02\/1-1-scaled.jpg\" class=\"yoast-seo-meta-tag\" \/>\n\t<meta property=\"og:image:width\" content=\"2560\" class=\"yoast-seo-meta-tag\" \/>\n\t<meta property=\"og:image:height\" content=\"1600\" class=\"yoast-seo-meta-tag\" \/>\n\t<meta property=\"og:image:type\" content=\"image\/jpeg\" class=\"yoast-seo-meta-tag\" \/>\n<meta name=\"twitter:card\" content=\"summary_large_image\" class=\"yoast-seo-meta-tag\" \/>\n<meta name=\"twitter:label1\" content=\"Est. reading time\" class=\"yoast-seo-meta-tag\" \/>\n\t<meta name=\"twitter:data1\" content=\"1 minute\" class=\"yoast-seo-meta-tag\" \/>\n<script type=\"application\/ld+json\" class=\"yoast-schema-graph\">{\"@context\":\"https:\\\/\\\/schema.org\",\"@graph\":[{\"@type\":\"WebPage\",\"@id\":\"https:\\\/\\\/www.alamalalsharif.com\\\/fr\\\/environment-and-safety\\\/\",\"url\":\"https:\\\/\\\/www.alamalalsharif.com\\\/fr\\\/environment-and-safety\\\/\",\"name\":\"Environnement et s\u00e9curit\u00e9 - Alamal Alsharif Plastics\",\"isPartOf\":{\"@id\":\"https:\\\/\\\/www.alamalalsharif.com\\\/#website\"},\"primaryImageOfPage\":{\"@id\":\"https:\\\/\\\/www.alamalalsharif.com\\\/fr\\\/environment-and-safety\\\/#primaryimage\"},\"image\":{\"@id\":\"https:\\\/\\\/www.alamalalsharif.com\\\/fr\\\/environment-and-safety\\\/#primaryimage\"},\"thumbnailUrl\":\"https:\\\/\\\/www.alamalalsharif.com\\\/wp-content\\\/uploads\\\/2021\\\/02\\\/1-1-scaled.jpg\",\"datePublished\":\"2021-01-09T13:20:27+00:00\",\"dateModified\":\"2021-08-28T08:31:35+00:00\",\"breadcrumb\":{\"@id\":\"https:\\\/\\\/www.alamalalsharif.com\\\/fr\\\/environment-and-safety\\\/#breadcrumb\"},\"inLanguage\":\"fr-FR\",\"potentialAction\":[{\"@type\":\"ReadAction\",\"target\":[\"https:\\\/\\\/www.alamalalsharif.com\\\/fr\\\/environment-and-safety\\\/\"]}]},{\"@type\":\"ImageObject\",\"inLanguage\":\"fr-FR\",\"@id\":\"https:\\\/\\\/www.alamalalsharif.com\\\/fr\\\/environment-and-safety\\\/#primaryimage\",\"url\":\"https:\\\/\\\/www.alamalalsharif.com\\\/wp-content\\\/uploads\\\/2021\\\/02\\\/1-1-scaled.jpg\",\"contentUrl\":\"https:\\\/\\\/www.alamalalsharif.com\\\/wp-content\\\/uploads\\\/2021\\\/02\\\/1-1-scaled.jpg\",\"width\":2560,\"height\":1600},{\"@type\":\"BreadcrumbList\",\"@id\":\"https:\\\/\\\/www.alamalalsharif.com\\\/fr\\\/environment-and-safety\\\/#breadcrumb\",\"itemListElement\":[{\"@type\":\"ListItem\",\"position\":1,\"name\":\"Home\",\"item\":\"https:\\\/\\\/www.alamalalsharif.com\\\/\"},{\"@type\":\"ListItem\",\"position\":2,\"name\":\"Environnement et s\u00e9curit\u00e9\"}]},{\"@type\":\"WebSite\",\"@id\":\"https:\\\/\\\/www.alamalalsharif.com\\\/#website\",\"url\":\"https:\\\/\\\/www.alamalalsharif.com\\\/\",\"name\":\"Alamal Alsharif Plastics\",\"description\":\"Conveying sources of life\",\"publisher\":{\"@id\":\"https:\\\/\\\/www.alamalalsharif.com\\\/#organization\"},\"potentialAction\":[{\"@type\":\"SearchAction\",\"target\":{\"@type\":\"EntryPoint\",\"urlTemplate\":\"https:\\\/\\\/www.alamalalsharif.com\\\/?s={search_term_string}\"},\"query-input\":{\"@type\":\"PropertyValueSpecification\",\"valueRequired\":true,\"valueName\":\"search_term_string\"}}],\"inLanguage\":\"fr-FR\"},{\"@type\":\"Organization\",\"@id\":\"https:\\\/\\\/www.alamalalsharif.com\\\/#organization\",\"name\":\"Alamal Alsharif Plastics\",\"url\":\"https:\\\/\\\/www.alamalalsharif.com\\\/\",\"logo\":{\"@type\":\"ImageObject\",\"inLanguage\":\"fr-FR\",\"@id\":\"https:\\\/\\\/www.alamalalsharif.com\\\/#\\\/schema\\\/logo\\\/image\\\/\",\"url\":\"https:\\\/\\\/www.alamalalsharif.com\\\/wp-content\\\/uploads\\\/2021\\\/08\\\/Alamal-Alsharif-Final-Logo-v1.png\",\"contentUrl\":\"https:\\\/\\\/www.alamalalsharif.com\\\/wp-content\\\/uploads\\\/2021\\\/08\\\/Alamal-Alsharif-Final-Logo-v1.png\",\"width\":600,\"height\":162,\"caption\":\"Alamal Alsharif Plastics\"},\"image\":{\"@id\":\"https:\\\/\\\/www.alamalalsharif.com\\\/#\\\/schema\\\/logo\\\/image\\\/\"}}]}<\/script>\n<!-- \/ Yoast SEO plugin. -->","yoast_head_json":{"title":"Environnement et s\u00e9curit\u00e9 - Alamal Alsharif Plastics","robots":{"index":"index","follow":"follow","max-snippet":"max-snippet:-1","max-image-preview":"max-image-preview:large","max-video-preview":"max-video-preview:-1"},"canonical":"https:\/\/www.alamalalsharif.com\/fr\/environment-and-safety\/","og_locale":"fr_FR","og_type":"article","og_title":"Environnement et s\u00e9curit\u00e9 - Alamal Alsharif Plastics","og_url":"https:\/\/www.alamalalsharif.com\/fr\/environment-and-safety\/","og_site_name":"Alamal Alsharif Plastics","article_modified_time":"2021-08-28T08:31:35+00:00","og_image":[{"width":2560,"height":1600,"url":"https:\/\/www.alamalalsharif.com\/wp-content\/uploads\/2021\/02\/1-1-scaled.jpg","type":"image\/jpeg"}],"twitter_card":"summary_large_image","twitter_misc":{"Est. reading time":"1 minute"},"schema":{"@context":"https:\/\/schema.org","@graph":[{"@type":"WebPage","@id":"https:\/\/www.alamalalsharif.com\/fr\/environment-and-safety\/","url":"https:\/\/www.alamalalsharif.com\/fr\/environment-and-safety\/","name":"Environnement et s\u00e9curit\u00e9 - Alamal Alsharif Plastics","isPartOf":{"@id":"https:\/\/www.alamalalsharif.com\/#website"},"primaryImageOfPage":{"@id":"https:\/\/www.alamalalsharif.com\/fr\/environment-and-safety\/#primaryimage"},"image":{"@id":"https:\/\/www.alamalalsharif.com\/fr\/environment-and-safety\/#primaryimage"},"thumbnailUrl":"https:\/\/www.alamalalsharif.com\/wp-content\/uploads\/2021\/02\/1-1-scaled.jpg","datePublished":"2021-01-09T13:20:27+00:00","dateModified":"2021-08-28T08:31:35+00:00","breadcrumb":{"@id":"https:\/\/www.alamalalsharif.com\/fr\/environment-and-safety\/#breadcrumb"},"inLanguage":"fr-FR","potentialAction":[{"@type":"ReadAction","target":["https:\/\/www.alamalalsharif.com\/fr\/environment-and-safety\/"]}]},{"@type":"ImageObject","inLanguage":"fr-FR","@id":"https:\/\/www.alamalalsharif.com\/fr\/environment-and-safety\/#primaryimage","url":"https:\/\/www.alamalalsharif.com\/wp-content\/uploads\/2021\/02\/1-1-scaled.jpg","contentUrl":"https:\/\/www.alamalalsharif.com\/wp-content\/uploads\/2021\/02\/1-1-scaled.jpg","width":2560,"height":1600},{"@type":"BreadcrumbList","@id":"https:\/\/www.alamalalsharif.com\/fr\/environment-and-safety\/#breadcrumb","itemListElement":[{"@type":"ListItem","position":1,"name":"Home","item":"https:\/\/www.alamalalsharif.com\/"},{"@type":"ListItem","position":2,"name":"Environnement et s\u00e9curit\u00e9"}]},{"@type":"WebSite","@id":"https:\/\/www.alamalalsharif.com\/#website","url":"https:\/\/www.alamalalsharif.com\/","name":"Alamal Alsharif Plastics","description":"Conveying sources of life","publisher":{"@id":"https:\/\/www.alamalalsharif.com\/#organization"},"potentialAction":[{"@type":"SearchAction","target":{"@type":"EntryPoint","urlTemplate":"https:\/\/www.alamalalsharif.com\/?s={search_term_string}"},"query-input":{"@type":"PropertyValueSpecification","valueRequired":true,"valueName":"search_term_string"}}],"inLanguage":"fr-FR"},{"@type":"Organization","@id":"https:\/\/www.alamalalsharif.com\/#organization","name":"Alamal Alsharif Plastics","url":"https:\/\/www.alamalalsharif.com\/","logo":{"@type":"ImageObject","inLanguage":"fr-FR","@id":"https:\/\/www.alamalalsharif.com\/#\/schema\/logo\/image\/","url":"https:\/\/www.alamalalsharif.com\/wp-content\/uploads\/2021\/08\/Alamal-Alsharif-Final-Logo-v1.png","contentUrl":"https:\/\/www.alamalalsharif.com\/wp-content\/uploads\/2021\/08\/Alamal-Alsharif-Final-Logo-v1.png","width":600,"height":162,"caption":"Alamal Alsharif Plastics"},"image":{"@id":"https:\/\/www.alamalalsharif.com\/#\/schema\/logo\/image\/"}}]}},"uagb_featured_image_src":{"full":["https:\/\/www.alamalalsharif.com\/wp-content\/uploads\/2021\/02\/1-1-scaled.jpg",2560,1600,false],"thumbnail":["https:\/\/www.alamalalsharif.com\/wp-content\/uploads\/2021\/02\/1-1-150x150.jpg",150,150,true],"medium":["https:\/\/www.alamalalsharif.com\/wp-content\/uploads\/2021\/02\/1-1-300x188.jpg",300,188,true],"medium_large":["https:\/\/www.alamalalsharif.com\/wp-content\/uploads\/2021\/02\/1-1-768x480.jpg",750,469,true],"large":["https:\/\/www.alamalalsharif.com\/wp-content\/uploads\/2021\/02\/1-1-1024x640.jpg",750,469,true],"1536x1536":["https:\/\/www.alamalalsharif.com\/wp-content\/uploads\/2021\/02\/1-1-1536x960.jpg",1536,960,true],"2048x2048":["https:\/\/www.alamalalsharif.com\/wp-content\/uploads\/2021\/02\/1-1-2048x1280.jpg",2048,1280,true],"hestia-blog":["https:\/\/www.alamalalsharif.com\/wp-content\/uploads\/2021\/02\/1-1-360x240.jpg",360,240,true]},"uagb_author_info":{"display_name":"AlsharifM","author_link":"https:\/\/www.alamalalsharif.com\/fr\/author\/alamals\/"},"uagb_comment_info":0,"uagb_excerpt":null,"_links":{"self":[{"href":"https:\/\/www.alamalalsharif.com\/fr\/wp-json\/wp\/v2\/pages\/452","targetHints":{"allow":["GET"]}}],"collection":[{"href":"https:\/\/www.alamalalsharif.com\/fr\/wp-json\/wp\/v2\/pages"}],"about":[{"href":"https:\/\/www.alamalalsharif.com\/fr\/wp-json\/wp\/v2\/types\/page"}],"author":[{"embeddable":true,"href":"https:\/\/www.alamalalsharif.com\/fr\/wp-json\/wp\/v2\/users\/1"}],"replies":[{"embeddable":true,"href":"https:\/\/www.alamalalsharif.com\/fr\/wp-json\/wp\/v2\/comments?post=452"}],"version-history":[{"count":12,"href":"https:\/\/www.alamalalsharif.com\/fr\/wp-json\/wp\/v2\/pages\/452\/revisions"}],"predecessor-version":[{"id":1607,"href":"https:\/\/www.alamalalsharif.com\/fr\/wp-json\/wp\/v2\/pages\/452\/revisions\/1607"}],"wp:featuredmedia":[{"embeddable":true,"href":"https:\/\/www.alamalalsharif.com\/fr\/wp-json\/wp\/v2\/media\/647"}],"wp:attachment":[{"href":"https:\/\/www.alamalalsharif.com\/fr\/wp-json\/wp\/v2\/media?parent=452"}],"curies":[{"name":"wp","href":"https:\/\/api.w.org\/{rel}","templated":true}]}}