{"id":434,"date":"2021-01-09T12:51:46","date_gmt":"2021-01-09T12:51:46","guid":{"rendered":"http:\/\/aapco.ixdev.uk\/?page_id=434"},"modified":"2025-08-25T10:04:08","modified_gmt":"2025-08-25T10:04:08","slug":"our-services","status":"publish","type":"page","link":"https:\/\/www.alamalalsharif.com\/fr\/our-services\/","title":{"rendered":"Nos services"},"content":{"rendered":"\n<div id=\"wp-block-themeisle-blocks-advanced-columns-1d4e9cca\" class=\"wp-block-themeisle-blocks-advanced-columns has-1-columns has-desktop-equal-layout has-tablet-equal-layout has-mobile-equal-layout has-vertical-unset has-light-bg\"><div class=\"wp-block-themeisle-blocks-advanced-columns-overlay\"><\/div><div class=\"innerblocks-wrap\">\n<div id=\"wp-block-themeisle-blocks-advanced-column-5ec27332\" class=\"wp-block-themeisle-blocks-advanced-column\">\n<p>Au sein de l&#8217;entreprise d&#8217;Al-Amal Al-Sharif pour le plastique, nous fournissons tous les produits de tuyaux en plastique, raccords, produits chimiques et adh\u00e9sifs utilis\u00e9s dans ce domaine, en offrant un excellent service client pr\u00e9-vente et apr\u00e8s-vente.<\/p>\n\n\n\n<p>La participation de l&#8217;entreprise \u00e0 la r\u00e9ussite de tr\u00e8s nombreux depuis pr\u00e8s de soixante ans renforce la confiance transmise au fil des g\u00e9n\u00e9rations \u00e0 nos produits et aux services offerts \u00e0 nos clients.<\/p>\n<\/div>\n<\/div><\/div>\n\n\n\n<div id=\"wp-block-themeisle-blocks-advanced-columns-f6719340\" class=\"wp-block-themeisle-blocks-advanced-columns has-1-columns has-desktop-equal-layout has-tablet-equal-layout has-mobile-equal-layout has-vertical-unset has-light-bg\"><div class=\"wp-block-themeisle-blocks-advanced-columns-overlay\"><\/div><div class=\"innerblocks-wrap\">\n<div id=\"wp-block-themeisle-blocks-advanced-column-a9a2b9ea\" class=\"wp-block-themeisle-blocks-advanced-column\">\n<h3 class=\"wp-block-heading has-background-color-color has-text-color\"><strong>Services de pr\u00e9-vente<\/strong><\/h3>\n\n\n\n<p>Chez &#8220;Al-Amal Al-Sharif&#8221;, nous tenons \u00e0 \u00e9tablir des relations solides avec nos clients; c&#8217;est pourquoi notre r\u00f4le commence bien avant la fourniture des produits. Nous sommes \u00e9galement des partenaires de r\u00e9ussite et ce, \u00e0 partir du processus de planification du projet, en passant par les diff\u00e9rentes \u00e9tapes de r\u00e9alisation des projets et des constructions.<\/p>\n\n\n\n<p><strong>1)<\/strong> Phase d&#8217;\u00e9valuation de l&#8217;\u00e9tude de site avant la construction qui contribue \u00e0 prendre les bonnes d\u00e9cisions \u00e9conomiques et d&#8217;investissement, afin d\u2019assurer la r\u00e9ussite du projet et \u00e9viter tous les co\u00fbts r\u00e9sultant d&#8217;une \u00e9tude insuffisante des mesures des canalisations.<\/p>\n\n\n\n<p><strong>2)<\/strong> Services de consultation pour conception, comprenant la r\u00e9vision des dessins techniques d\u00e9taill\u00e9s concernant le drainage, l&#8217;\u00e9lectricit\u00e9 et la conception de r\u00e9seaux.<\/p>\n\n\n\n<p><strong>3)<\/strong> Estimation des co\u00fbts des projets et suivi de l&#8217;utilisation appropri\u00e9e des produits en fonction des charges escompt\u00e9es.<\/p>\n<\/div>\n<\/div><\/div>\n\n\n\n<div id=\"wp-block-themeisle-blocks-advanced-columns-6891f890\" class=\"wp-block-themeisle-blocks-advanced-columns has-1-columns has-desktop-equal-layout has-tablet-equal-layout has-mobile-equal-layout has-vertical-unset has-light-bg\"><div class=\"wp-block-themeisle-blocks-advanced-columns-overlay\"><\/div><div class=\"innerblocks-wrap\">\n<div id=\"wp-block-themeisle-blocks-advanced-column-8fa78b6f\" class=\"wp-block-themeisle-blocks-advanced-column\">\n<h3 class=\"wp-block-heading has-accent-color has-text-color\"><strong>Services apr\u00e8s-vente<\/strong><\/h3>\n\n\n\n<p><strong>1)<\/strong> <strong>Programme de fid\u00e9lisation:<\/strong> la r\u00e9ussite continue de projets bas\u00e9e sur la qualit\u00e9, la s\u00e9curit\u00e9 et la solidit\u00e9 des infrastructures est garantie gr\u00e2ce aux produits d\u2019Al Amal Al Sharif et consolide la relation avec notre client\u00e8le.<\/p>\n\n\n\n<p><strong>2)<\/strong> <strong>Examen de l&#8217;installation des syst\u00e8mes:<\/strong> apr\u00e8s l&#8217;installation des syst\u00e8mes, des sp\u00e9cialistes de l&#8217;entreprise s&#8217;assurent que des m\u00e9thodes d&#8217;installation ad\u00e9quates ont \u00e9t\u00e9 respect\u00e9es et que les tests n\u00e9cessaires de s\u00e9curit\u00e9 ont \u00e9t\u00e9 effectu\u00e9s sur les produits. Ceci permet de garantir l\u2019utilisation \u00e0 long terme de nos syst\u00e8mes. L&#8217;entreprise d\u00e9livre \u00e9galement un certificat approuvant l&#8217;installation des syst\u00e8mes pour activer la garantie sur les produits, valable \u00e0 vie.<\/p>\n<\/div>\n<\/div><\/div>\n\n\n\n<div id=\"wp-block-themeisle-blocks-advanced-columns-10a2b024\" class=\"wp-block-themeisle-blocks-advanced-columns has-1-columns has-desktop-equal-layout has-tablet-equal-layout has-mobile-equal-layout has-vertical-unset has-light-bg\"><div class=\"wp-block-themeisle-blocks-advanced-columns-overlay\"><\/div><div class=\"innerblocks-wrap\">\n<div id=\"wp-block-themeisle-blocks-advanced-column-58468a2c\" class=\"wp-block-themeisle-blocks-advanced-column\">\n<p>Nous nous soucions v\u00e9ritablement de nos clients et leur proposons des produits et des services premium qui am\u00e9liorent la r\u00e9ussite de leurs projets.<\/p>\n\n\n\n<p>En ce qui concerne le support technique, vous nous trouverez toujours \u00e0 vos c\u00f4t\u00e9s, et nous ne manquerons jamais de vous aider car nous nous sentons responsables de nos partenaires. Nos clients peuvent totalement compter sur nous en tant que partenaire fiable dans tous leurs projets.<\/p>\n<\/div>\n<\/div><\/div>\n","protected":false},"excerpt":{"rendered":"","protected":false},"author":1,"featured_media":651,"parent":0,"menu_order":0,"comment_status":"closed","ping_status":"closed","template":"","meta":{"_coblocks_attr":"","_coblocks_dimensions":"","_coblocks_responsive_height":"","_coblocks_accordion_ie_support":"","_uag_custom_page_level_css":"","_themeisle_gutenberg_block_has_review":false,"footnotes":""},"class_list":["post-434","page","type-page","status-publish","has-post-thumbnail","hentry"],"translation":{"provider":"WPGlobus","version":"3.0.2","language":"fr","enabled_languages":["en","fr","ar"],"languages":{"en":{"title":true,"content":true,"excerpt":false},"fr":{"title":true,"content":true,"excerpt":false},"ar":{"title":true,"content":true,"excerpt":false}}},"yoast_head":"<!-- This site is optimized with the Yoast SEO plugin v27.4 - https:\/\/yoast.com\/product\/yoast-seo-wordpress\/ -->\n<title>Nos services - Alamal Alsharif Plastics<\/title>\n<meta name=\"robots\" content=\"index, follow, max-snippet:-1, max-image-preview:large, max-video-preview:-1\" \/>\n<link rel=\"canonical\" href=\"https:\/\/www.alamalalsharif.com\/our-services\/\" class=\"yoast-seo-meta-tag\" \/>\n<meta property=\"og:locale\" content=\"fr_FR\" class=\"yoast-seo-meta-tag\" \/>\n<meta property=\"og:type\" content=\"article\" class=\"yoast-seo-meta-tag\" \/>\n<meta property=\"og:title\" content=\"Nos services - Alamal Alsharif Plastics\" class=\"yoast-seo-meta-tag\" \/>\n<meta property=\"og:url\" content=\"https:\/\/www.alamalalsharif.com\/our-services\/\" class=\"yoast-seo-meta-tag\" \/>\n<meta property=\"og:site_name\" content=\"Alamal Alsharif Plastics\" class=\"yoast-seo-meta-tag\" \/>\n<meta property=\"article:modified_time\" content=\"2025-08-25T10:04:08+00:00\" class=\"yoast-seo-meta-tag\" \/>\n<meta name=\"twitter:card\" content=\"summary_large_image\" class=\"yoast-seo-meta-tag\" \/>\n<meta name=\"twitter:label1\" content=\"Est. reading time\" class=\"yoast-seo-meta-tag\" \/>\n\t<meta name=\"twitter:data1\" content=\"3 minutes\" class=\"yoast-seo-meta-tag\" \/>\n<script type=\"application\/ld+json\" class=\"yoast-schema-graph\">{\"@context\":\"https:\\\/\\\/schema.org\",\"@graph\":[{\"@type\":\"WebPage\",\"@id\":\"https:\\\/\\\/www.alamalalsharif.com\\\/our-services\\\/\",\"url\":\"https:\\\/\\\/www.alamalalsharif.com\\\/our-services\\\/\",\"name\":\"Nos services - Alamal Alsharif Plastics\",\"isPartOf\":{\"@id\":\"https:\\\/\\\/www.alamalalsharif.com\\\/#website\"},\"primaryImageOfPage\":{\"@id\":\"https:\\\/\\\/www.alamalalsharif.com\\\/our-services\\\/#primaryimage\"},\"image\":{\"@id\":\"https:\\\/\\\/www.alamalalsharif.com\\\/our-services\\\/#primaryimage\"},\"thumbnailUrl\":\"https:\\\/\\\/www.alamalalsharif.com\\\/wp-content\\\/uploads\\\/2021\\\/02\\\/6n-scaled.jpg\",\"datePublished\":\"2021-01-09T12:51:46+00:00\",\"dateModified\":\"2025-08-25T10:04:08+00:00\",\"breadcrumb\":{\"@id\":\"https:\\\/\\\/www.alamalalsharif.com\\\/our-services\\\/#breadcrumb\"},\"inLanguage\":\"fr-FR\",\"potentialAction\":[{\"@type\":\"ReadAction\",\"target\":[\"https:\\\/\\\/www.alamalalsharif.com\\\/our-services\\\/\"]}]},{\"@type\":\"ImageObject\",\"inLanguage\":\"fr-FR\",\"@id\":\"https:\\\/\\\/www.alamalalsharif.com\\\/our-services\\\/#primaryimage\",\"url\":\"https:\\\/\\\/www.alamalalsharif.com\\\/wp-content\\\/uploads\\\/2021\\\/02\\\/6n-scaled.jpg\",\"contentUrl\":\"https:\\\/\\\/www.alamalalsharif.com\\\/wp-content\\\/uploads\\\/2021\\\/02\\\/6n-scaled.jpg\",\"width\":2560,\"height\":1571},{\"@type\":\"BreadcrumbList\",\"@id\":\"https:\\\/\\\/www.alamalalsharif.com\\\/our-services\\\/#breadcrumb\",\"itemListElement\":[{\"@type\":\"ListItem\",\"position\":1,\"name\":\"Home\",\"item\":\"https:\\\/\\\/www.alamalalsharif.com\\\/\"},{\"@type\":\"ListItem\",\"position\":2,\"name\":\"\u062e\u062f\u0645\u0627\u062a\u0646\u0627\"}]},{\"@type\":\"WebSite\",\"@id\":\"https:\\\/\\\/www.alamalalsharif.com\\\/#website\",\"url\":\"https:\\\/\\\/www.alamalalsharif.com\\\/\",\"name\":\"Alamal Alsharif Plastics\",\"description\":\"Conveying sources of life\",\"publisher\":{\"@id\":\"https:\\\/\\\/www.alamalalsharif.com\\\/#organization\"},\"potentialAction\":[{\"@type\":\"SearchAction\",\"target\":{\"@type\":\"EntryPoint\",\"urlTemplate\":\"https:\\\/\\\/www.alamalalsharif.com\\\/?s={search_term_string}\"},\"query-input\":{\"@type\":\"PropertyValueSpecification\",\"valueRequired\":true,\"valueName\":\"search_term_string\"}}],\"inLanguage\":\"fr-FR\"},{\"@type\":\"Organization\",\"@id\":\"https:\\\/\\\/www.alamalalsharif.com\\\/#organization\",\"name\":\"Alamal Alsharif Plastics\",\"url\":\"https:\\\/\\\/www.alamalalsharif.com\\\/\",\"logo\":{\"@type\":\"ImageObject\",\"inLanguage\":\"fr-FR\",\"@id\":\"https:\\\/\\\/www.alamalalsharif.com\\\/#\\\/schema\\\/logo\\\/image\\\/\",\"url\":\"https:\\\/\\\/www.alamalalsharif.com\\\/wp-content\\\/uploads\\\/2021\\\/08\\\/Alamal-Alsharif-Final-Logo-v1.png\",\"contentUrl\":\"https:\\\/\\\/www.alamalalsharif.com\\\/wp-content\\\/uploads\\\/2021\\\/08\\\/Alamal-Alsharif-Final-Logo-v1.png\",\"width\":600,\"height\":162,\"caption\":\"Alamal Alsharif Plastics\"},\"image\":{\"@id\":\"https:\\\/\\\/www.alamalalsharif.com\\\/#\\\/schema\\\/logo\\\/image\\\/\"}}]}<\/script>\n<!-- \/ Yoast SEO plugin. -->","yoast_head_json":{"title":"Nos services - Alamal Alsharif Plastics","robots":{"index":"index","follow":"follow","max-snippet":"max-snippet:-1","max-image-preview":"max-image-preview:large","max-video-preview":"max-video-preview:-1"},"canonical":"https:\/\/www.alamalalsharif.com\/our-services\/","og_locale":"fr_FR","og_type":"article","og_title":"Nos services - Alamal Alsharif Plastics","og_url":"https:\/\/www.alamalalsharif.com\/our-services\/","og_site_name":"Alamal Alsharif Plastics","article_modified_time":"2025-08-25T10:04:08+00:00","twitter_card":"summary_large_image","twitter_misc":{"Est. reading time":"3 minutes"},"schema":{"@context":"https:\/\/schema.org","@graph":[{"@type":"WebPage","@id":"https:\/\/www.alamalalsharif.com\/our-services\/","url":"https:\/\/www.alamalalsharif.com\/our-services\/","name":"Nos services - Alamal Alsharif Plastics","isPartOf":{"@id":"https:\/\/www.alamalalsharif.com\/#website"},"primaryImageOfPage":{"@id":"https:\/\/www.alamalalsharif.com\/our-services\/#primaryimage"},"image":{"@id":"https:\/\/www.alamalalsharif.com\/our-services\/#primaryimage"},"thumbnailUrl":"https:\/\/www.alamalalsharif.com\/wp-content\/uploads\/2021\/02\/6n-scaled.jpg","datePublished":"2021-01-09T12:51:46+00:00","dateModified":"2025-08-25T10:04:08+00:00","breadcrumb":{"@id":"https:\/\/www.alamalalsharif.com\/our-services\/#breadcrumb"},"inLanguage":"fr-FR","potentialAction":[{"@type":"ReadAction","target":["https:\/\/www.alamalalsharif.com\/our-services\/"]}]},{"@type":"ImageObject","inLanguage":"fr-FR","@id":"https:\/\/www.alamalalsharif.com\/our-services\/#primaryimage","url":"https:\/\/www.alamalalsharif.com\/wp-content\/uploads\/2021\/02\/6n-scaled.jpg","contentUrl":"https:\/\/www.alamalalsharif.com\/wp-content\/uploads\/2021\/02\/6n-scaled.jpg","width":2560,"height":1571},{"@type":"BreadcrumbList","@id":"https:\/\/www.alamalalsharif.com\/our-services\/#breadcrumb","itemListElement":[{"@type":"ListItem","position":1,"name":"Home","item":"https:\/\/www.alamalalsharif.com\/"},{"@type":"ListItem","position":2,"name":"\u062e\u062f\u0645\u0627\u062a\u0646\u0627"}]},{"@type":"WebSite","@id":"https:\/\/www.alamalalsharif.com\/#website","url":"https:\/\/www.alamalalsharif.com\/","name":"Alamal Alsharif Plastics","description":"Conveying sources of life","publisher":{"@id":"https:\/\/www.alamalalsharif.com\/#organization"},"potentialAction":[{"@type":"SearchAction","target":{"@type":"EntryPoint","urlTemplate":"https:\/\/www.alamalalsharif.com\/?s={search_term_string}"},"query-input":{"@type":"PropertyValueSpecification","valueRequired":true,"valueName":"search_term_string"}}],"inLanguage":"fr-FR"},{"@type":"Organization","@id":"https:\/\/www.alamalalsharif.com\/#organization","name":"Alamal Alsharif Plastics","url":"https:\/\/www.alamalalsharif.com\/","logo":{"@type":"ImageObject","inLanguage":"fr-FR","@id":"https:\/\/www.alamalalsharif.com\/#\/schema\/logo\/image\/","url":"https:\/\/www.alamalalsharif.com\/wp-content\/uploads\/2021\/08\/Alamal-Alsharif-Final-Logo-v1.png","contentUrl":"https:\/\/www.alamalalsharif.com\/wp-content\/uploads\/2021\/08\/Alamal-Alsharif-Final-Logo-v1.png","width":600,"height":162,"caption":"Alamal Alsharif Plastics"},"image":{"@id":"https:\/\/www.alamalalsharif.com\/#\/schema\/logo\/image\/"}}]}},"uagb_featured_image_src":{"full":["https:\/\/www.alamalalsharif.com\/wp-content\/uploads\/2021\/02\/6n-scaled.jpg",2560,1571,false],"thumbnail":["https:\/\/www.alamalalsharif.com\/wp-content\/uploads\/2021\/02\/6n-150x150.jpg",150,150,true],"medium":["https:\/\/www.alamalalsharif.com\/wp-content\/uploads\/2021\/02\/6n-300x184.jpg",300,184,true],"medium_large":["https:\/\/www.alamalalsharif.com\/wp-content\/uploads\/2021\/02\/6n-768x471.jpg",750,460,true],"large":["https:\/\/www.alamalalsharif.com\/wp-content\/uploads\/2021\/02\/6n-1024x628.jpg",750,460,true],"1536x1536":["https:\/\/www.alamalalsharif.com\/wp-content\/uploads\/2021\/02\/6n-1536x942.jpg",1536,942,true],"2048x2048":["https:\/\/www.alamalalsharif.com\/wp-content\/uploads\/2021\/02\/6n-2048x1257.jpg",2048,1257,true],"hestia-blog":["https:\/\/www.alamalalsharif.com\/wp-content\/uploads\/2021\/02\/6n-360x240.jpg",360,240,true]},"uagb_author_info":{"display_name":"AlsharifM","author_link":"https:\/\/www.alamalalsharif.com\/fr\/author\/alamals\/"},"uagb_comment_info":0,"uagb_excerpt":null,"_links":{"self":[{"href":"https:\/\/www.alamalalsharif.com\/fr\/wp-json\/wp\/v2\/pages\/434","targetHints":{"allow":["GET"]}}],"collection":[{"href":"https:\/\/www.alamalalsharif.com\/fr\/wp-json\/wp\/v2\/pages"}],"about":[{"href":"https:\/\/www.alamalalsharif.com\/fr\/wp-json\/wp\/v2\/types\/page"}],"author":[{"embeddable":true,"href":"https:\/\/www.alamalalsharif.com\/fr\/wp-json\/wp\/v2\/users\/1"}],"replies":[{"embeddable":true,"href":"https:\/\/www.alamalalsharif.com\/fr\/wp-json\/wp\/v2\/comments?post=434"}],"version-history":[{"count":24,"href":"https:\/\/www.alamalalsharif.com\/fr\/wp-json\/wp\/v2\/pages\/434\/revisions"}],"predecessor-version":[{"id":2807,"href":"https:\/\/www.alamalalsharif.com\/fr\/wp-json\/wp\/v2\/pages\/434\/revisions\/2807"}],"wp:featuredmedia":[{"embeddable":true,"href":"https:\/\/www.alamalalsharif.com\/fr\/wp-json\/wp\/v2\/media\/651"}],"wp:attachment":[{"href":"https:\/\/www.alamalalsharif.com\/fr\/wp-json\/wp\/v2\/media?parent=434"}],"curies":[{"name":"wp","href":"https:\/\/api.w.org\/{rel}","templated":true}]}}