{"id":343,"date":"2020-10-29T08:55:32","date_gmt":"2020-10-29T08:55:32","guid":{"rendered":"http:\/\/aapco.ixdev.uk\/?page_id=343"},"modified":"2026-04-15T10:26:58","modified_gmt":"2026-04-15T10:26:58","slug":"certificates","status":"publish","type":"page","link":"https:\/\/www.alamalalsharif.com\/fr\/certificates\/","title":{"rendered":"Certificats approuv\u00e9s"},"content":{"rendered":"\n<div id=\"wp-block-themeisle-blocks-advanced-columns-e2b61c3b\" class=\"wp-block-themeisle-blocks-advanced-columns alignwide has-1-columns has-desktop-equal-layout has-tablet-equal-layout has-mobile-equal-layout has-vertical-unset\"><div class=\"wp-block-themeisle-blocks-advanced-columns-overlay\"><\/div><div class=\"innerblocks-wrap\">\n<div id=\"wp-block-themeisle-blocks-advanced-column-63c54dc7\" class=\"wp-block-themeisle-blocks-advanced-column\">\n<p>L&#8217;entreprise d&#8217;Al-Amal Al-Sharif utilise les plus r\u00e9centes technologies, et nos produits ont obtenu la certification ISO en raison de la conformit\u00e9 aux sp\u00e9cifications et normes de qualit\u00e9.<\/p>\n\n\n\n<p>Afin de maintenir notre entreprise \u00e0 jour avec les derni\u00e8res nouveaut\u00e9s dans le domaine de la technologie de fabrication de tuyaux et d&#8217;autres produits, nous sommes fiers que nos laboratoires aient obtenu la certification <strong>ISO\/IEC17025:2017<\/strong>, \u00e9tant ainsi la premi\u00e8re et la seule entreprise dans ce domaine \u00e0 avoir obtenu ce certificat prouvant que les r\u00e9sultats des tests de laboratoire de notre entreprise sont accr\u00e9dit\u00e9s et officiels.<\/p>\n\n\n\n<p>Notre entreprise a \u00e9galement obtenu :<\/p>\n\n\n\n<ul class=\"wp-block-list\">\n<li>L\u2019adh\u00e9sion \u00e0 la Chambre de commerce et d&#8217;industrie germano-arabe.<\/li>\n\n\n\n<li><strong>Certificat des organismes d&#8217;accr\u00e9ditation international<\/strong>\n<ul class=\"wp-block-list\">\n<li>Certificat de syst\u00e8me de gestion de la qualit\u00e9 ISO9001:2015.<\/li>\n\n\n\n<li>Certificat de syst\u00e8me de gestion de la sant\u00e9 et de la s\u00e9curit\u00e9 ISO45001:2018.<\/li>\n\n\n\n<li>Certificat Syst\u00e8me de gestion de l\u2019environnement ISO14001:2015.<\/li>\n\n\n\n<li>Licence de marque de qualit\u00e9 de l\u2019EOS, l\u2019Organisation \u00e9gyptienne des normes et de la qualit\u00e9<\/li>\n<\/ul>\n<\/li>\n<\/ul>\n<\/div>\n<\/div><\/div>\n\n\n\n<div id=\"wp-block-themeisle-blocks-advanced-columns-81c50dcb\" class=\"wp-block-themeisle-blocks-advanced-columns alignwide has-3-columns has-desktop-equal-layout has-tablet-equal-layout has-mobile-collapsedRows-layout has-vertical-unset\"><div class=\"wp-block-themeisle-blocks-advanced-columns-overlay\"><\/div><div class=\"innerblocks-wrap\">\n<div id=\"wp-block-themeisle-blocks-advanced-column-90f57255\" class=\"wp-block-themeisle-blocks-advanced-column\">\n<div data-wp-interactive=\"core\/file\" class=\"wp-block-file aligncenter\"><object data-wp-bind--hidden=\"!state.hasPdfPreview\" hidden class=\"wp-block-file__embed\" data=\"https:\/\/www.alamalalsharif.com\/wp-content\/uploads\/2025\/09\/License-with-quality-certification-mark.pdf\" type=\"application\/pdf\" style=\"width:100%;height:600px\" aria-label=\"Embed of License with quality certification mark.\"><\/object><a id=\"wp-block-file--media-c3d94f39-8005-4152-a819-66a7628ddeeb\" href=\"https:\/\/www.alamalalsharif.com\/wp-content\/uploads\/2025\/09\/License-with-quality-certification-mark.pdf\" target=\"_blank\" rel=\"noreferrer noopener\">License with quality certification mark<\/a><a href=\"https:\/\/www.alamalalsharif.com\/wp-content\/uploads\/2025\/09\/License-with-quality-certification-mark.pdf\" class=\"wp-block-file__button wp-element-button\" download aria-describedby=\"wp-block-file--media-c3d94f39-8005-4152-a819-66a7628ddeeb\">Download<\/a><\/div>\n<\/div>\n\n\n\n<div id=\"wp-block-themeisle-blocks-advanced-column-ac60e4d2\" class=\"wp-block-themeisle-blocks-advanced-column\"><\/div>\n\n\n\n<div id=\"wp-block-themeisle-blocks-advanced-column-7cfbb2ee\" class=\"wp-block-themeisle-blocks-advanced-column\">\n<div data-wp-interactive=\"core\/file\" class=\"wp-block-file\"><object data-wp-bind--hidden=\"!state.hasPdfPreview\" hidden class=\"wp-block-file__embed\" data=\"https:\/\/www.alamalalsharif.com\/wp-content\/uploads\/2026\/04\/ISO-9001.pdf\" type=\"application\/pdf\" style=\"width:100%;height:600px\" aria-label=\"Embed of ISO 9001.\"><\/object><a id=\"wp-block-file--media-e69ed729-e782-465a-9b84-1654880bb223\" href=\"https:\/\/www.alamalalsharif.com\/wp-content\/uploads\/2026\/04\/ISO-9001.pdf\">ISO 9001<\/a><a href=\"https:\/\/www.alamalalsharif.com\/wp-content\/uploads\/2026\/04\/ISO-9001.pdf\" class=\"wp-block-file__button wp-element-button\" download aria-describedby=\"wp-block-file--media-e69ed729-e782-465a-9b84-1654880bb223\">Download<\/a><\/div>\n<\/div>\n<\/div><\/div>\n\n\n\n<div id=\"wp-block-themeisle-blocks-advanced-columns-1bfe0a0e\" class=\"wp-block-themeisle-blocks-advanced-columns alignwide has-3-columns has-desktop-equal-layout has-tablet-equal-layout has-mobile-collapsedRows-layout has-vertical-unset\"><div class=\"wp-block-themeisle-blocks-advanced-columns-overlay\"><\/div><div class=\"innerblocks-wrap\">\n<div id=\"wp-block-themeisle-blocks-advanced-column-429fbcff\" class=\"wp-block-themeisle-blocks-advanced-column\">\n<div data-wp-interactive=\"core\/file\" class=\"wp-block-file\"><object data-wp-bind--hidden=\"!state.hasPdfPreview\" hidden class=\"wp-block-file__embed\" data=\"https:\/\/www.alamalalsharif.com\/wp-content\/uploads\/2025\/09\/ISO14001-2015-Environmental-System-Certificate.pdf\" type=\"application\/pdf\" style=\"width:100%;height:600px\" aria-label=\"Embed of ISO14001 - 2015 Environmental System Certificate.\"><\/object><a id=\"wp-block-file--media-37cdf535-7b44-4a0d-96f9-95604c524c84\" href=\"https:\/\/www.alamalalsharif.com\/wp-content\/uploads\/2025\/09\/ISO14001-2015-Environmental-System-Certificate.pdf\">ISO14001 &#8211; 2015 Environmental System Certificate<\/a><a href=\"https:\/\/www.alamalalsharif.com\/wp-content\/uploads\/2025\/09\/ISO14001-2015-Environmental-System-Certificate.pdf\" class=\"wp-block-file__button wp-element-button\" download aria-describedby=\"wp-block-file--media-37cdf535-7b44-4a0d-96f9-95604c524c84\">\u062a\u0646\u0632\u064a\u0644<\/a><\/div>\n<\/div>\n\n\n\n<div id=\"wp-block-themeisle-blocks-advanced-column-59a93f4d\" class=\"wp-block-themeisle-blocks-advanced-column\"><\/div>\n\n\n\n<div id=\"wp-block-themeisle-blocks-advanced-column-a0a79ad0\" class=\"wp-block-themeisle-blocks-advanced-column\">\n<div data-wp-interactive=\"core\/file\" class=\"wp-block-file\"><object data-wp-bind--hidden=\"!state.hasPdfPreview\" hidden class=\"wp-block-file__embed\" data=\"https:\/\/www.alamalalsharif.com\/wp-content\/uploads\/2025\/09\/ISO-45001-Health-Safety-System-Certificate.pdf\" type=\"application\/pdf\" style=\"width:100%;height:600px\" aria-label=\"Embed of ISO 45001 Health &amp; Safety System Certificate.\"><\/object><a id=\"wp-block-file--media-0756fc59-e60b-4124-bc31-ace447cc9289\" href=\"https:\/\/www.alamalalsharif.com\/wp-content\/uploads\/2025\/09\/ISO-45001-Health-Safety-System-Certificate.pdf\">ISO 45001 Health &#038; Safety System Certificate<\/a><a href=\"https:\/\/www.alamalalsharif.com\/wp-content\/uploads\/2025\/09\/ISO-45001-Health-Safety-System-Certificate.pdf\" class=\"wp-block-file__button wp-element-button\" download aria-describedby=\"wp-block-file--media-0756fc59-e60b-4124-bc31-ace447cc9289\">\u062a\u0646\u0632\u064a\u0644<\/a><\/div>\n<\/div>\n<\/div><\/div>\n\n\n\n<p><\/p>\n","protected":false},"excerpt":{"rendered":"","protected":false},"author":1,"featured_media":653,"parent":0,"menu_order":0,"comment_status":"closed","ping_status":"closed","template":"","meta":{"_coblocks_attr":"","_coblocks_dimensions":"","_coblocks_responsive_height":"","_coblocks_accordion_ie_support":"","_uag_custom_page_level_css":"","_themeisle_gutenberg_block_has_review":false,"footnotes":""},"class_list":["post-343","page","type-page","status-publish","has-post-thumbnail","hentry"],"translation":{"provider":"WPGlobus","version":"3.0.2","language":"fr","enabled_languages":["en","fr","ar"],"languages":{"en":{"title":true,"content":true,"excerpt":false},"fr":{"title":true,"content":true,"excerpt":false},"ar":{"title":true,"content":true,"excerpt":false}}},"yoast_head":"<!-- This site is optimized with the Yoast SEO plugin v27.4 - https:\/\/yoast.com\/product\/yoast-seo-wordpress\/ -->\n<title>Certificats approuv\u00e9s - Alamal Alsharif Plastics<\/title>\n<meta name=\"robots\" content=\"index, follow, max-snippet:-1, max-image-preview:large, max-video-preview:-1\" \/>\n<link rel=\"canonical\" href=\"https:\/\/www.alamalalsharif.com\/certificates\/\" class=\"yoast-seo-meta-tag\" \/>\n<meta property=\"og:locale\" content=\"fr_FR\" class=\"yoast-seo-meta-tag\" \/>\n<meta property=\"og:type\" content=\"article\" class=\"yoast-seo-meta-tag\" \/>\n<meta property=\"og:title\" content=\"Certificats approuv\u00e9s - Alamal Alsharif Plastics\" class=\"yoast-seo-meta-tag\" \/>\n<meta property=\"og:url\" content=\"https:\/\/www.alamalalsharif.com\/certificates\/\" class=\"yoast-seo-meta-tag\" \/>\n<meta property=\"og:site_name\" content=\"Alamal Alsharif Plastics\" class=\"yoast-seo-meta-tag\" \/>\n<meta property=\"article:modified_time\" content=\"2026-04-15T10:26:58+00:00\" class=\"yoast-seo-meta-tag\" \/>\n<meta name=\"twitter:card\" content=\"summary_large_image\" class=\"yoast-seo-meta-tag\" \/>\n<meta name=\"twitter:label1\" content=\"Est. reading time\" class=\"yoast-seo-meta-tag\" \/>\n\t<meta name=\"twitter:data1\" content=\"1 minute\" class=\"yoast-seo-meta-tag\" \/>\n<script type=\"application\/ld+json\" class=\"yoast-schema-graph\">{\"@context\":\"https:\\\/\\\/schema.org\",\"@graph\":[{\"@type\":\"WebPage\",\"@id\":\"https:\\\/\\\/www.alamalalsharif.com\\\/certificates\\\/\",\"url\":\"https:\\\/\\\/www.alamalalsharif.com\\\/certificates\\\/\",\"name\":\"Certificats approuv\u00e9s - Alamal Alsharif Plastics\",\"isPartOf\":{\"@id\":\"https:\\\/\\\/www.alamalalsharif.com\\\/#website\"},\"primaryImageOfPage\":{\"@id\":\"https:\\\/\\\/www.alamalalsharif.com\\\/certificates\\\/#primaryimage\"},\"image\":{\"@id\":\"https:\\\/\\\/www.alamalalsharif.com\\\/certificates\\\/#primaryimage\"},\"thumbnailUrl\":\"https:\\\/\\\/www.alamalalsharif.com\\\/wp-content\\\/uploads\\\/2021\\\/02\\\/8n-scaled.jpg\",\"datePublished\":\"2020-10-29T08:55:32+00:00\",\"dateModified\":\"2026-04-15T10:26:58+00:00\",\"breadcrumb\":{\"@id\":\"https:\\\/\\\/www.alamalalsharif.com\\\/certificates\\\/#breadcrumb\"},\"inLanguage\":\"fr-FR\",\"potentialAction\":[{\"@type\":\"ReadAction\",\"target\":[\"https:\\\/\\\/www.alamalalsharif.com\\\/certificates\\\/\"]}]},{\"@type\":\"ImageObject\",\"inLanguage\":\"fr-FR\",\"@id\":\"https:\\\/\\\/www.alamalalsharif.com\\\/certificates\\\/#primaryimage\",\"url\":\"https:\\\/\\\/www.alamalalsharif.com\\\/wp-content\\\/uploads\\\/2021\\\/02\\\/8n-scaled.jpg\",\"contentUrl\":\"https:\\\/\\\/www.alamalalsharif.com\\\/wp-content\\\/uploads\\\/2021\\\/02\\\/8n-scaled.jpg\",\"width\":2560,\"height\":1451},{\"@type\":\"BreadcrumbList\",\"@id\":\"https:\\\/\\\/www.alamalalsharif.com\\\/certificates\\\/#breadcrumb\",\"itemListElement\":[{\"@type\":\"ListItem\",\"position\":1,\"name\":\"Home\",\"item\":\"https:\\\/\\\/www.alamalalsharif.com\\\/\"},{\"@type\":\"ListItem\",\"position\":2,\"name\":\"\u0627\u0644\u0634\u0647\u0627\u062f\u0627\u062a \u0627\u0644\u0645\u0639\u062a\u0645\u062f\u0629\"}]},{\"@type\":\"WebSite\",\"@id\":\"https:\\\/\\\/www.alamalalsharif.com\\\/#website\",\"url\":\"https:\\\/\\\/www.alamalalsharif.com\\\/\",\"name\":\"Alamal Alsharif Plastics\",\"description\":\"Conveying sources of life\",\"publisher\":{\"@id\":\"https:\\\/\\\/www.alamalalsharif.com\\\/#organization\"},\"potentialAction\":[{\"@type\":\"SearchAction\",\"target\":{\"@type\":\"EntryPoint\",\"urlTemplate\":\"https:\\\/\\\/www.alamalalsharif.com\\\/?s={search_term_string}\"},\"query-input\":{\"@type\":\"PropertyValueSpecification\",\"valueRequired\":true,\"valueName\":\"search_term_string\"}}],\"inLanguage\":\"fr-FR\"},{\"@type\":\"Organization\",\"@id\":\"https:\\\/\\\/www.alamalalsharif.com\\\/#organization\",\"name\":\"Alamal Alsharif Plastics\",\"url\":\"https:\\\/\\\/www.alamalalsharif.com\\\/\",\"logo\":{\"@type\":\"ImageObject\",\"inLanguage\":\"fr-FR\",\"@id\":\"https:\\\/\\\/www.alamalalsharif.com\\\/#\\\/schema\\\/logo\\\/image\\\/\",\"url\":\"https:\\\/\\\/www.alamalalsharif.com\\\/wp-content\\\/uploads\\\/2021\\\/08\\\/Alamal-Alsharif-Final-Logo-v1.png\",\"contentUrl\":\"https:\\\/\\\/www.alamalalsharif.com\\\/wp-content\\\/uploads\\\/2021\\\/08\\\/Alamal-Alsharif-Final-Logo-v1.png\",\"width\":600,\"height\":162,\"caption\":\"Alamal Alsharif Plastics\"},\"image\":{\"@id\":\"https:\\\/\\\/www.alamalalsharif.com\\\/#\\\/schema\\\/logo\\\/image\\\/\"}}]}<\/script>\n<!-- \/ Yoast SEO plugin. -->","yoast_head_json":{"title":"Certificats approuv\u00e9s - Alamal Alsharif Plastics","robots":{"index":"index","follow":"follow","max-snippet":"max-snippet:-1","max-image-preview":"max-image-preview:large","max-video-preview":"max-video-preview:-1"},"canonical":"https:\/\/www.alamalalsharif.com\/certificates\/","og_locale":"fr_FR","og_type":"article","og_title":"Certificats approuv\u00e9s - Alamal Alsharif Plastics","og_url":"https:\/\/www.alamalalsharif.com\/certificates\/","og_site_name":"Alamal Alsharif Plastics","article_modified_time":"2026-04-15T10:26:58+00:00","twitter_card":"summary_large_image","twitter_misc":{"Est. reading time":"1 minute"},"schema":{"@context":"https:\/\/schema.org","@graph":[{"@type":"WebPage","@id":"https:\/\/www.alamalalsharif.com\/certificates\/","url":"https:\/\/www.alamalalsharif.com\/certificates\/","name":"Certificats approuv\u00e9s - Alamal Alsharif Plastics","isPartOf":{"@id":"https:\/\/www.alamalalsharif.com\/#website"},"primaryImageOfPage":{"@id":"https:\/\/www.alamalalsharif.com\/certificates\/#primaryimage"},"image":{"@id":"https:\/\/www.alamalalsharif.com\/certificates\/#primaryimage"},"thumbnailUrl":"https:\/\/www.alamalalsharif.com\/wp-content\/uploads\/2021\/02\/8n-scaled.jpg","datePublished":"2020-10-29T08:55:32+00:00","dateModified":"2026-04-15T10:26:58+00:00","breadcrumb":{"@id":"https:\/\/www.alamalalsharif.com\/certificates\/#breadcrumb"},"inLanguage":"fr-FR","potentialAction":[{"@type":"ReadAction","target":["https:\/\/www.alamalalsharif.com\/certificates\/"]}]},{"@type":"ImageObject","inLanguage":"fr-FR","@id":"https:\/\/www.alamalalsharif.com\/certificates\/#primaryimage","url":"https:\/\/www.alamalalsharif.com\/wp-content\/uploads\/2021\/02\/8n-scaled.jpg","contentUrl":"https:\/\/www.alamalalsharif.com\/wp-content\/uploads\/2021\/02\/8n-scaled.jpg","width":2560,"height":1451},{"@type":"BreadcrumbList","@id":"https:\/\/www.alamalalsharif.com\/certificates\/#breadcrumb","itemListElement":[{"@type":"ListItem","position":1,"name":"Home","item":"https:\/\/www.alamalalsharif.com\/"},{"@type":"ListItem","position":2,"name":"\u0627\u0644\u0634\u0647\u0627\u062f\u0627\u062a \u0627\u0644\u0645\u0639\u062a\u0645\u062f\u0629"}]},{"@type":"WebSite","@id":"https:\/\/www.alamalalsharif.com\/#website","url":"https:\/\/www.alamalalsharif.com\/","name":"Alamal Alsharif Plastics","description":"Conveying sources of life","publisher":{"@id":"https:\/\/www.alamalalsharif.com\/#organization"},"potentialAction":[{"@type":"SearchAction","target":{"@type":"EntryPoint","urlTemplate":"https:\/\/www.alamalalsharif.com\/?s={search_term_string}"},"query-input":{"@type":"PropertyValueSpecification","valueRequired":true,"valueName":"search_term_string"}}],"inLanguage":"fr-FR"},{"@type":"Organization","@id":"https:\/\/www.alamalalsharif.com\/#organization","name":"Alamal Alsharif Plastics","url":"https:\/\/www.alamalalsharif.com\/","logo":{"@type":"ImageObject","inLanguage":"fr-FR","@id":"https:\/\/www.alamalalsharif.com\/#\/schema\/logo\/image\/","url":"https:\/\/www.alamalalsharif.com\/wp-content\/uploads\/2021\/08\/Alamal-Alsharif-Final-Logo-v1.png","contentUrl":"https:\/\/www.alamalalsharif.com\/wp-content\/uploads\/2021\/08\/Alamal-Alsharif-Final-Logo-v1.png","width":600,"height":162,"caption":"Alamal Alsharif Plastics"},"image":{"@id":"https:\/\/www.alamalalsharif.com\/#\/schema\/logo\/image\/"}}]}},"uagb_featured_image_src":{"full":["https:\/\/www.alamalalsharif.com\/wp-content\/uploads\/2021\/02\/8n-scaled.jpg",2560,1451,false],"thumbnail":["https:\/\/www.alamalalsharif.com\/wp-content\/uploads\/2021\/02\/8n-150x150.jpg",150,150,true],"medium":["https:\/\/www.alamalalsharif.com\/wp-content\/uploads\/2021\/02\/8n-300x170.jpg",300,170,true],"medium_large":["https:\/\/www.alamalalsharif.com\/wp-content\/uploads\/2021\/02\/8n-768x435.jpg",750,425,true],"large":["https:\/\/www.alamalalsharif.com\/wp-content\/uploads\/2021\/02\/8n-1024x580.jpg",750,425,true],"1536x1536":["https:\/\/www.alamalalsharif.com\/wp-content\/uploads\/2021\/02\/8n-1536x870.jpg",1536,870,true],"2048x2048":["https:\/\/www.alamalalsharif.com\/wp-content\/uploads\/2021\/02\/8n-2048x1161.jpg",2048,1161,true],"hestia-blog":["https:\/\/www.alamalalsharif.com\/wp-content\/uploads\/2021\/02\/8n-360x240.jpg",360,240,true]},"uagb_author_info":{"display_name":"AlsharifM","author_link":"https:\/\/www.alamalalsharif.com\/fr\/author\/alamals\/"},"uagb_comment_info":0,"uagb_excerpt":null,"_links":{"self":[{"href":"https:\/\/www.alamalalsharif.com\/fr\/wp-json\/wp\/v2\/pages\/343","targetHints":{"allow":["GET"]}}],"collection":[{"href":"https:\/\/www.alamalalsharif.com\/fr\/wp-json\/wp\/v2\/pages"}],"about":[{"href":"https:\/\/www.alamalalsharif.com\/fr\/wp-json\/wp\/v2\/types\/page"}],"author":[{"embeddable":true,"href":"https:\/\/www.alamalalsharif.com\/fr\/wp-json\/wp\/v2\/users\/1"}],"replies":[{"embeddable":true,"href":"https:\/\/www.alamalalsharif.com\/fr\/wp-json\/wp\/v2\/comments?post=343"}],"version-history":[{"count":62,"href":"https:\/\/www.alamalalsharif.com\/fr\/wp-json\/wp\/v2\/pages\/343\/revisions"}],"predecessor-version":[{"id":3058,"href":"https:\/\/www.alamalalsharif.com\/fr\/wp-json\/wp\/v2\/pages\/343\/revisions\/3058"}],"wp:featuredmedia":[{"embeddable":true,"href":"https:\/\/www.alamalalsharif.com\/fr\/wp-json\/wp\/v2\/media\/653"}],"wp:attachment":[{"href":"https:\/\/www.alamalalsharif.com\/fr\/wp-json\/wp\/v2\/media?parent=343"}],"curies":[{"name":"wp","href":"https:\/\/api.w.org\/{rel}","templated":true}]}}