{"id":269,"date":"2020-10-07T11:32:40","date_gmt":"2020-10-07T11:32:40","guid":{"rendered":"http:\/\/aapco.ixdev.uk\/location\/"},"modified":"2021-02-20T07:02:39","modified_gmt":"2021-02-20T07:02:39","slug":"agents","status":"publish","type":"page","link":"https:\/\/www.alamalalsharif.com\/fr\/agents\/","title":{"rendered":"Agents"},"content":{"rendered":"\n<div class=\"wp-block-themeisle-blocks-advanced-columns has-1-columns has-desktop-equal-layout has-tablet-equal-layout has-mobile-equal-layout has-default-gap has-vertical-unset\" id=\"wp-block-themeisle-blocks-advanced-columns-91f6db16\"><div class=\"wp-block-themeisle-blocks-advanced-columns-overlay\"><\/div><div class=\"innerblocks-wrap\">\n<div class=\"wp-block-themeisle-blocks-advanced-column\" id=\"wp-block-themeisle-blocks-advanced-column-ddb09000\">\n<p>Alamal Alsharif Plastics distribue ses produits \u00e0 travers un r\u00e9seau d&#8217;agents s\u00e9lectionn\u00e9s ou directement pour fournir des projets majeurs dans divers secteurs.<\/p>\n\n\n\n<p>Le r\u00e9seau de distribution pour nos produits de tous les types de tuyaux et raccords d&#8217;Alamal Alsharif Plastics <strong>(UPVC blanc ou gris, PP-R et PP-H)<\/strong> est disponible dans toutes les r\u00e9gions de la R\u00e9publique arabe d&#8217;\u00c9gypte.<\/p>\n\n\n\n<p>L&#8217;\u00e9quipe commerciale de l&#8217;entreprise est soucieuse de communiquer constamment avec le r\u00e9seau d&#8217;agents et de distributeurs et de les informer sur les derniers syst\u00e8mes et produits. Elle est \u00e9galement d\u00e9sireuse de fournir un soutien pour renforcer les liens de l&#8217;entreprise avec ses clients qu&#8217;elle consid\u00e8re comme l&#8217;un des principaux partenaires de succ\u00e8s.<\/p>\n\n\n\n<p>O\u00f9 que se trouve votre projet, contactez votre agent le plus proche pour recevoir nos produits de haute qualit\u00e9.<\/p>\n<\/div>\n<\/div><\/div>\n\n\n\n<div class=\"wp-block-themeisle-blocks-advanced-columns has-1-columns has-desktop-equal-layout has-tablet-equal-layout has-mobile-equal-layout has-default-gap has-vertical-unset\" id=\"wp-block-themeisle-blocks-advanced-columns-e1fc1f72\"><div class=\"wp-block-themeisle-blocks-advanced-columns-overlay\"><\/div><div class=\"innerblocks-wrap\">\n<div class=\"wp-block-themeisle-blocks-advanced-column\" id=\"wp-block-themeisle-blocks-advanced-column-0eee25b7\"><div class=\"wpforms-container wpforms-container-full\" id=\"wpforms-866\"><form id=\"wpforms-form-866\" class=\"wpforms-validate wpforms-form\" data-formid=\"866\" method=\"post\" enctype=\"multipart\/form-data\" action=\"\/fr\/wp-json\/wp\/v2\/pages\/269\" data-token=\"0be37a255ee7cdcf20cf78fed643ea01\" data-token-time=\"1778698180\"><noscript class=\"wpforms-error-noscript\">Please enable JavaScript in your browser to complete this form.<\/noscript><div class=\"wpforms-field-container\"><div id=\"wpforms-866-field_3-container\" class=\"wpforms-field wpforms-field-text\" data-field-id=\"3\"><label class=\"wpforms-field-label\" for=\"wpforms-866-field_3\">Nom de l&#039;institution \/ entreprise <span class=\"wpforms-required-label\">*<\/span><\/label><input type=\"text\" id=\"wpforms-866-field_3\" class=\"wpforms-field-medium wpforms-field-required\" name=\"wpforms[fields][3]\" required><\/div><div id=\"wpforms-866-field_0-container\" class=\"wpforms-field wpforms-field-name\" data-field-id=\"0\"><label class=\"wpforms-field-label\" for=\"wpforms-866-field_0\">Nom de l&#039;agent <span class=\"wpforms-required-label\">*<\/span><\/label><input type=\"text\" id=\"wpforms-866-field_0\" class=\"wpforms-field-medium wpforms-field-required\" name=\"wpforms[fields][0]\" required><\/div><div id=\"wpforms-866-field_1-container\" class=\"wpforms-field wpforms-field-email\" data-field-id=\"1\"><label class=\"wpforms-field-label\" for=\"wpforms-866-field_1\">E-mail <span class=\"wpforms-required-label\">*<\/span><\/label><input type=\"email\" id=\"wpforms-866-field_1\" class=\"wpforms-field-medium wpforms-field-required\" name=\"wpforms[fields][1]\" spellcheck=\"false\" required><\/div><div id=\"wpforms-866-field_4-container\" class=\"wpforms-field wpforms-field-number\" data-field-id=\"4\"><label class=\"wpforms-field-label\" for=\"wpforms-866-field_4\">Num\u00e9ro de t\u00e9l\u00e9phone <span class=\"wpforms-required-label\">*<\/span><\/label><input type=\"number\" id=\"wpforms-866-field_4\" class=\"wpforms-field-medium wpforms-field-required\" name=\"wpforms[fields][4]\" step=\"any\" required><\/div><div id=\"wpforms-866-field_2-container\" class=\"wpforms-field wpforms-field-textarea\" data-field-id=\"2\"><label class=\"wpforms-field-label\" for=\"wpforms-866-field_2\">Adresse de l&#039;institution \/ entreprise <span class=\"wpforms-required-label\">*<\/span><\/label><textarea id=\"wpforms-866-field_2\" class=\"wpforms-field-medium wpforms-field-required\" name=\"wpforms[fields][2]\" required><\/textarea><\/div><div id=\"wpforms-866-field_5-container\" class=\"wpforms-field wpforms-field-text\" data-field-id=\"5\"><label class=\"wpforms-field-label\" for=\"wpforms-866-field_5\">Gouvernorat <span class=\"wpforms-required-label\">*<\/span><\/label><input type=\"text\" id=\"wpforms-866-field_5\" class=\"wpforms-field-medium wpforms-field-required\" name=\"wpforms[fields][5]\" required><\/div><\/div><!-- .wpforms-field-container --><div class=\"wpforms-submit-container\" ><input type=\"hidden\" name=\"wpforms[id]\" value=\"866\"><input type=\"hidden\" name=\"page_title\" value=\"\"><input type=\"hidden\" name=\"page_url\" value=\"https:\/\/www.alamalalsharif.com\/fr\/wp-json\/wp\/v2\/pages\/269\"><input type=\"hidden\" name=\"url_referer\" value=\"\"><button type=\"submit\" name=\"wpforms[submit]\" id=\"wpforms-submit-866\" class=\"wpforms-submit\" data-alt-text=\"Sending...\" data-submit-text=\"Submit\" aria-live=\"assertive\" value=\"wpforms-submit\">Submit<\/button><\/div><\/form><\/div>  <!-- .wpforms-container -->\n<\/div>\n<\/div><\/div>\n","protected":false},"excerpt":{"rendered":"","protected":false},"author":1,"featured_media":547,"parent":0,"menu_order":0,"comment_status":"closed","ping_status":"closed","template":"","meta":{"_coblocks_attr":"","_coblocks_dimensions":"","_coblocks_responsive_height":"","_coblocks_accordion_ie_support":"","_uag_custom_page_level_css":"","_themeisle_gutenberg_block_has_review":false,"footnotes":""},"class_list":["post-269","page","type-page","status-publish","has-post-thumbnail","hentry"],"translation":{"provider":"WPGlobus","version":"3.0.2","language":"fr","enabled_languages":["en","fr","ar"],"languages":{"en":{"title":true,"content":true,"excerpt":false},"fr":{"title":true,"content":true,"excerpt":false},"ar":{"title":true,"content":true,"excerpt":false}}},"yoast_head":"<!-- This site is optimized with the Yoast SEO plugin v27.4 - https:\/\/yoast.com\/product\/yoast-seo-wordpress\/ -->\n<title>Agents - Alamal Alsharif Plastics<\/title>\n<meta name=\"robots\" content=\"index, follow, max-snippet:-1, max-image-preview:large, max-video-preview:-1\" \/>\n<link rel=\"canonical\" href=\"https:\/\/www.alamalalsharif.com\/agents\/\" class=\"yoast-seo-meta-tag\" \/>\n<meta property=\"og:locale\" content=\"fr_FR\" class=\"yoast-seo-meta-tag\" \/>\n<meta property=\"og:type\" content=\"article\" class=\"yoast-seo-meta-tag\" \/>\n<meta property=\"og:title\" content=\"Agents - Alamal Alsharif Plastics\" class=\"yoast-seo-meta-tag\" \/>\n<meta property=\"og:url\" content=\"https:\/\/www.alamalalsharif.com\/agents\/\" class=\"yoast-seo-meta-tag\" \/>\n<meta property=\"og:site_name\" content=\"Alamal Alsharif Plastics\" class=\"yoast-seo-meta-tag\" \/>\n<meta property=\"article:modified_time\" content=\"2021-02-20T07:02:39+00:00\" class=\"yoast-seo-meta-tag\" \/>\n<meta property=\"og:image\" content=\"https:\/\/www.alamalalsharif.com\/wp-content\/uploads\/2021\/02\/waranty.jpg\" class=\"yoast-seo-meta-tag\" \/>\n\t<meta property=\"og:image:width\" content=\"1260\" class=\"yoast-seo-meta-tag\" \/>\n\t<meta property=\"og:image:height\" content=\"372\" class=\"yoast-seo-meta-tag\" \/>\n\t<meta property=\"og:image:type\" content=\"image\/jpeg\" class=\"yoast-seo-meta-tag\" \/>\n<meta name=\"twitter:card\" content=\"summary_large_image\" class=\"yoast-seo-meta-tag\" \/>\n<meta name=\"twitter:label1\" content=\"Est. reading time\" class=\"yoast-seo-meta-tag\" \/>\n\t<meta name=\"twitter:data1\" content=\"1 minute\" class=\"yoast-seo-meta-tag\" \/>\n<script type=\"application\/ld+json\" class=\"yoast-schema-graph\">{\"@context\":\"https:\\\/\\\/schema.org\",\"@graph\":[{\"@type\":\"WebPage\",\"@id\":\"https:\\\/\\\/www.alamalalsharif.com\\\/agents\\\/\",\"url\":\"https:\\\/\\\/www.alamalalsharif.com\\\/agents\\\/\",\"name\":\"Agents - Alamal Alsharif Plastics\",\"isPartOf\":{\"@id\":\"https:\\\/\\\/www.alamalalsharif.com\\\/#website\"},\"primaryImageOfPage\":{\"@id\":\"https:\\\/\\\/www.alamalalsharif.com\\\/agents\\\/#primaryimage\"},\"image\":{\"@id\":\"https:\\\/\\\/www.alamalalsharif.com\\\/agents\\\/#primaryimage\"},\"thumbnailUrl\":\"https:\\\/\\\/www.alamalalsharif.com\\\/wp-content\\\/uploads\\\/2021\\\/02\\\/waranty.jpg\",\"datePublished\":\"2020-10-07T11:32:40+00:00\",\"dateModified\":\"2021-02-20T07:02:39+00:00\",\"breadcrumb\":{\"@id\":\"https:\\\/\\\/www.alamalalsharif.com\\\/agents\\\/#breadcrumb\"},\"inLanguage\":\"fr-FR\",\"potentialAction\":[{\"@type\":\"ReadAction\",\"target\":[\"https:\\\/\\\/www.alamalalsharif.com\\\/agents\\\/\"]}]},{\"@type\":\"ImageObject\",\"inLanguage\":\"fr-FR\",\"@id\":\"https:\\\/\\\/www.alamalalsharif.com\\\/agents\\\/#primaryimage\",\"url\":\"https:\\\/\\\/www.alamalalsharif.com\\\/wp-content\\\/uploads\\\/2021\\\/02\\\/waranty.jpg\",\"contentUrl\":\"https:\\\/\\\/www.alamalalsharif.com\\\/wp-content\\\/uploads\\\/2021\\\/02\\\/waranty.jpg\",\"width\":1260,\"height\":372},{\"@type\":\"BreadcrumbList\",\"@id\":\"https:\\\/\\\/www.alamalalsharif.com\\\/agents\\\/#breadcrumb\",\"itemListElement\":[{\"@type\":\"ListItem\",\"position\":1,\"name\":\"Home\",\"item\":\"https:\\\/\\\/www.alamalalsharif.com\\\/\"},{\"@type\":\"ListItem\",\"position\":2,\"name\":\"Agents\"}]},{\"@type\":\"WebSite\",\"@id\":\"https:\\\/\\\/www.alamalalsharif.com\\\/#website\",\"url\":\"https:\\\/\\\/www.alamalalsharif.com\\\/\",\"name\":\"Alamal Alsharif Plastics\",\"description\":\"Conveying sources of life\",\"publisher\":{\"@id\":\"https:\\\/\\\/www.alamalalsharif.com\\\/#organization\"},\"potentialAction\":[{\"@type\":\"SearchAction\",\"target\":{\"@type\":\"EntryPoint\",\"urlTemplate\":\"https:\\\/\\\/www.alamalalsharif.com\\\/?s={search_term_string}\"},\"query-input\":{\"@type\":\"PropertyValueSpecification\",\"valueRequired\":true,\"valueName\":\"search_term_string\"}}],\"inLanguage\":\"fr-FR\"},{\"@type\":\"Organization\",\"@id\":\"https:\\\/\\\/www.alamalalsharif.com\\\/#organization\",\"name\":\"Alamal Alsharif Plastics\",\"url\":\"https:\\\/\\\/www.alamalalsharif.com\\\/\",\"logo\":{\"@type\":\"ImageObject\",\"inLanguage\":\"fr-FR\",\"@id\":\"https:\\\/\\\/www.alamalalsharif.com\\\/#\\\/schema\\\/logo\\\/image\\\/\",\"url\":\"https:\\\/\\\/www.alamalalsharif.com\\\/wp-content\\\/uploads\\\/2021\\\/08\\\/Alamal-Alsharif-Final-Logo-v1.png\",\"contentUrl\":\"https:\\\/\\\/www.alamalalsharif.com\\\/wp-content\\\/uploads\\\/2021\\\/08\\\/Alamal-Alsharif-Final-Logo-v1.png\",\"width\":600,\"height\":162,\"caption\":\"Alamal Alsharif Plastics\"},\"image\":{\"@id\":\"https:\\\/\\\/www.alamalalsharif.com\\\/#\\\/schema\\\/logo\\\/image\\\/\"}}]}<\/script>\n<!-- \/ Yoast SEO plugin. -->","yoast_head_json":{"title":"Agents - Alamal Alsharif Plastics","robots":{"index":"index","follow":"follow","max-snippet":"max-snippet:-1","max-image-preview":"max-image-preview:large","max-video-preview":"max-video-preview:-1"},"canonical":"https:\/\/www.alamalalsharif.com\/agents\/","og_locale":"fr_FR","og_type":"article","og_title":"Agents - Alamal Alsharif Plastics","og_url":"https:\/\/www.alamalalsharif.com\/agents\/","og_site_name":"Alamal Alsharif Plastics","article_modified_time":"2021-02-20T07:02:39+00:00","og_image":[{"width":1260,"height":372,"url":"https:\/\/www.alamalalsharif.com\/wp-content\/uploads\/2021\/02\/waranty.jpg","type":"image\/jpeg"}],"twitter_card":"summary_large_image","twitter_misc":{"Est. reading time":"1 minute"},"schema":{"@context":"https:\/\/schema.org","@graph":[{"@type":"WebPage","@id":"https:\/\/www.alamalalsharif.com\/agents\/","url":"https:\/\/www.alamalalsharif.com\/agents\/","name":"Agents - Alamal Alsharif Plastics","isPartOf":{"@id":"https:\/\/www.alamalalsharif.com\/#website"},"primaryImageOfPage":{"@id":"https:\/\/www.alamalalsharif.com\/agents\/#primaryimage"},"image":{"@id":"https:\/\/www.alamalalsharif.com\/agents\/#primaryimage"},"thumbnailUrl":"https:\/\/www.alamalalsharif.com\/wp-content\/uploads\/2021\/02\/waranty.jpg","datePublished":"2020-10-07T11:32:40+00:00","dateModified":"2021-02-20T07:02:39+00:00","breadcrumb":{"@id":"https:\/\/www.alamalalsharif.com\/agents\/#breadcrumb"},"inLanguage":"fr-FR","potentialAction":[{"@type":"ReadAction","target":["https:\/\/www.alamalalsharif.com\/agents\/"]}]},{"@type":"ImageObject","inLanguage":"fr-FR","@id":"https:\/\/www.alamalalsharif.com\/agents\/#primaryimage","url":"https:\/\/www.alamalalsharif.com\/wp-content\/uploads\/2021\/02\/waranty.jpg","contentUrl":"https:\/\/www.alamalalsharif.com\/wp-content\/uploads\/2021\/02\/waranty.jpg","width":1260,"height":372},{"@type":"BreadcrumbList","@id":"https:\/\/www.alamalalsharif.com\/agents\/#breadcrumb","itemListElement":[{"@type":"ListItem","position":1,"name":"Home","item":"https:\/\/www.alamalalsharif.com\/"},{"@type":"ListItem","position":2,"name":"Agents"}]},{"@type":"WebSite","@id":"https:\/\/www.alamalalsharif.com\/#website","url":"https:\/\/www.alamalalsharif.com\/","name":"Alamal Alsharif Plastics","description":"Conveying sources of life","publisher":{"@id":"https:\/\/www.alamalalsharif.com\/#organization"},"potentialAction":[{"@type":"SearchAction","target":{"@type":"EntryPoint","urlTemplate":"https:\/\/www.alamalalsharif.com\/?s={search_term_string}"},"query-input":{"@type":"PropertyValueSpecification","valueRequired":true,"valueName":"search_term_string"}}],"inLanguage":"fr-FR"},{"@type":"Organization","@id":"https:\/\/www.alamalalsharif.com\/#organization","name":"Alamal Alsharif Plastics","url":"https:\/\/www.alamalalsharif.com\/","logo":{"@type":"ImageObject","inLanguage":"fr-FR","@id":"https:\/\/www.alamalalsharif.com\/#\/schema\/logo\/image\/","url":"https:\/\/www.alamalalsharif.com\/wp-content\/uploads\/2021\/08\/Alamal-Alsharif-Final-Logo-v1.png","contentUrl":"https:\/\/www.alamalalsharif.com\/wp-content\/uploads\/2021\/08\/Alamal-Alsharif-Final-Logo-v1.png","width":600,"height":162,"caption":"Alamal Alsharif Plastics"},"image":{"@id":"https:\/\/www.alamalalsharif.com\/#\/schema\/logo\/image\/"}}]}},"uagb_featured_image_src":{"full":["https:\/\/www.alamalalsharif.com\/wp-content\/uploads\/2021\/02\/waranty.jpg",1260,372,false],"thumbnail":["https:\/\/www.alamalalsharif.com\/wp-content\/uploads\/2021\/02\/waranty-150x150.jpg",150,150,true],"medium":["https:\/\/www.alamalalsharif.com\/wp-content\/uploads\/2021\/02\/waranty-300x89.jpg",300,89,true],"medium_large":["https:\/\/www.alamalalsharif.com\/wp-content\/uploads\/2021\/02\/waranty-768x227.jpg",750,222,true],"large":["https:\/\/www.alamalalsharif.com\/wp-content\/uploads\/2021\/02\/waranty-1024x302.jpg",750,221,true],"1536x1536":["https:\/\/www.alamalalsharif.com\/wp-content\/uploads\/2021\/02\/waranty.jpg",1260,372,false],"2048x2048":["https:\/\/www.alamalalsharif.com\/wp-content\/uploads\/2021\/02\/waranty.jpg",1260,372,false],"hestia-blog":["https:\/\/www.alamalalsharif.com\/wp-content\/uploads\/2021\/02\/waranty-360x240.jpg",360,240,true]},"uagb_author_info":{"display_name":"AlsharifM","author_link":"https:\/\/www.alamalalsharif.com\/fr\/author\/alamals\/"},"uagb_comment_info":0,"uagb_excerpt":null,"_links":{"self":[{"href":"https:\/\/www.alamalalsharif.com\/fr\/wp-json\/wp\/v2\/pages\/269","targetHints":{"allow":["GET"]}}],"collection":[{"href":"https:\/\/www.alamalalsharif.com\/fr\/wp-json\/wp\/v2\/pages"}],"about":[{"href":"https:\/\/www.alamalalsharif.com\/fr\/wp-json\/wp\/v2\/types\/page"}],"author":[{"embeddable":true,"href":"https:\/\/www.alamalalsharif.com\/fr\/wp-json\/wp\/v2\/users\/1"}],"replies":[{"embeddable":true,"href":"https:\/\/www.alamalalsharif.com\/fr\/wp-json\/wp\/v2\/comments?post=269"}],"version-history":[{"count":9,"href":"https:\/\/www.alamalalsharif.com\/fr\/wp-json\/wp\/v2\/pages\/269\/revisions"}],"predecessor-version":[{"id":2741,"href":"https:\/\/www.alamalalsharif.com\/fr\/wp-json\/wp\/v2\/pages\/269\/revisions\/2741"}],"wp:featuredmedia":[{"embeddable":true,"href":"https:\/\/www.alamalalsharif.com\/fr\/wp-json\/wp\/v2\/media\/547"}],"wp:attachment":[{"href":"https:\/\/www.alamalalsharif.com\/fr\/wp-json\/wp\/v2\/media?parent=269"}],"curies":[{"name":"wp","href":"https:\/\/api.w.org\/{rel}","templated":true}]}}