{"id":240,"date":"2020-10-06T13:59:52","date_gmt":"2020-10-06T13:59:52","guid":{"rendered":"http:\/\/aapco.ixdev.uk\/?page_id=240"},"modified":"2026-04-08T12:05:59","modified_gmt":"2026-04-08T12:05:59","slug":"leadership","status":"publish","type":"page","link":"https:\/\/www.alamalalsharif.com\/fr\/leadership\/","title":{"rendered":"Direction"},"content":{"rendered":"\n<div id=\"wp-block-themeisle-blocks-advanced-columns-9224003d\" class=\"wp-block-themeisle-blocks-advanced-columns alignfull has-1-columns has-desktop-equal-layout has-tablet-equal-layout has-mobile-equal-layout has-vertical-unset has-default-gap\"><div class=\"wp-block-themeisle-blocks-advanced-columns-overlay\"><\/div><div class=\"innerblocks-wrap\">\n<div id=\"wp-block-themeisle-blocks-advanced-column-39123057\" class=\"wp-block-themeisle-blocks-advanced-column\"><div class=\"wp-block-image\">\n<figure class=\"aligncenter size-large\"><img loading=\"lazy\" decoding=\"async\" width=\"1024\" height=\"408\" src=\"https:\/\/www.aaplastco.com\/wp-content\/uploads\/2021\/02\/org-chart-fr-1-1024x408.png\" alt=\"\" class=\"wp-image-583\" srcset=\"https:\/\/www.alamalalsharif.com\/wp-content\/uploads\/2021\/02\/org-chart-fr-1-1024x408.png 1024w, https:\/\/www.alamalalsharif.com\/wp-content\/uploads\/2021\/02\/org-chart-fr-1-300x119.png 300w, https:\/\/www.alamalalsharif.com\/wp-content\/uploads\/2021\/02\/org-chart-fr-1-768x306.png 768w, https:\/\/www.alamalalsharif.com\/wp-content\/uploads\/2021\/02\/org-chart-fr-1.png 1120w\" sizes=\"auto, (max-width: 1024px) 100vw, 1024px\" \/><figcaption class=\"wp-element-caption\"><br>Organigramme de l\u2019entreprise<\/figcaption><\/figure><\/div><\/div>\n<\/div><\/div>\n\n\n\n<div id=\"wp-block-themeisle-blocks-advanced-columns-e6c9a07c\" class=\"wp-block-themeisle-blocks-advanced-columns has-1-columns has-desktop-equal-layout has-tablet-equal-layout has-mobile-equal-layout has-vertical-unset has-light-bg\"><div class=\"wp-block-themeisle-blocks-advanced-columns-overlay\"><\/div><div class=\"innerblocks-wrap\">\n<div id=\"wp-block-themeisle-blocks-advanced-column-b1414e82\" class=\"wp-block-themeisle-blocks-advanced-column\">\n<p class=\"has-text-align-center has-background-color-color has-text-color\" style=\"font-size:32px\"><strong><strong>Dr. Eng. Mohamed Youssef Zeinelabdin Khalifa<\/strong><\/strong><\/p>\n\n\n\n<p class=\"has-text-align-center\"><img loading=\"lazy\" decoding=\"async\" width=\"170\" height=\"148\" class=\"wp-image-2938\" style=\"width: 170px;\" src=\"https:\/\/www.alamalalsharif.com\/wp-content\/uploads\/2026\/04\/MZ-8.jpg-scaled.jpeg\" alt=\"\" srcset=\"https:\/\/www.alamalalsharif.com\/wp-content\/uploads\/2026\/04\/MZ-8.jpg-scaled.jpeg 2560w, https:\/\/www.alamalalsharif.com\/wp-content\/uploads\/2026\/04\/MZ-8.jpg-300x262.jpeg 300w, https:\/\/www.alamalalsharif.com\/wp-content\/uploads\/2026\/04\/MZ-8.jpg-1024x893.jpeg 1024w, https:\/\/www.alamalalsharif.com\/wp-content\/uploads\/2026\/04\/MZ-8.jpg-768x670.jpeg 768w, https:\/\/www.alamalalsharif.com\/wp-content\/uploads\/2026\/04\/MZ-8.jpg-1536x1340.jpeg 1536w, https:\/\/www.alamalalsharif.com\/wp-content\/uploads\/2026\/04\/MZ-8.jpg-2048x1787.jpeg 2048w\" sizes=\"auto, (max-width: 170px) 100vw, 170px\" \/><\/p>\n\n\n\n<p class=\"has-text-align-center\">    <strong>Directeur G\u00e9n\u00e9ral D\u00e9l\u00e9gu\u00e9 et Pr\u00e9sident G\u00e9n\u00e9ral                                                                                     <strong>de la soci\u00e9t\u00e9 Al Amal Al Sherif Plastics<\/strong> <\/strong><\/p>\n\n\n\n<p>Le Dr Mohamed Youssef Zein El Abedeen Khalifa poss\u00e8de plus de <strong>35 ans d\u2019exp\u00e9rience professionnelle<\/strong> dans les domaines de la direction ex\u00e9cutive, du d\u00e9veloppement des affaires et de la transformation organisationnelle dans plusieurs secteurs. Il dispose \u00e9galement de plus de <strong>17 ans d\u2019exp\u00e9rience au sein de compagnies p\u00e9troli\u00e8res internationales<\/strong> telles que <strong>Shell <\/strong>et <strong>Esso<\/strong>, o\u00f9 il a occup\u00e9 plusieurs postes de direction aux niveaux local et r\u00e9gional.<\/p>\n\n\n\n<p>Il est titulaire <strong>d\u2019un dipl\u00f4me d\u2019ing\u00e9nieur en g\u00e9nie<\/strong> civil de <strong>l\u2019Universit\u00e9 Ain Shams<\/strong> (1988) et d\u2019un <strong>doctorat en administration des affaires.<\/strong> Il occupe actuellement le poste <strong>de Pr\u00e9sident G\u00e9n\u00e9ral et Directeur G\u00e9n\u00e9ral D\u00e9l\u00e9gu\u00e9 de la soci\u00e9t\u00e9 d\u2019Al Amal Al Sherif <\/strong>, o\u00f9 il pilote la strat\u00e9gie de l\u2019entreprise vers l\u2019expansion et le renforcement de sa position en tant qu\u2019entreprise leader dans les solutions int\u00e9gr\u00e9es de syst\u00e8mes de canalisations en plastique destin\u00e9es aux infrastructures ainsi qu\u2019aux secteurs de l\u2019eau, du gaz et des t\u00e9l\u00e9communications.<\/p>\n\n\n\n<p>Il est reconnu pour son expertise dans le d\u00e9veloppement de strat\u00e9gies d\u2019entreprise, la constitution d\u2019\u00e9quipes performantes et la r\u00e9alisation d\u2019une croissance durable. Il poss\u00e8de \u00e9galement une solide exp\u00e9rience dans le d\u00e9veloppement de nouveaux march\u00e9s, l\u2019am\u00e9lioration de l\u2019efficacit\u00e9 op\u00e9rationnelle et le renforcement de la part de march\u00e9 des entreprises qu\u2019il a dirig\u00e9es.<\/p>\n\n\n\n<p>Il est \u00e9galement <strong>coach certifi\u00e9 en leadership et d\u00e9veloppement des affaires <\/strong>par <strong>l\u2019International Coach Federation (ICF)<\/strong> <strong>et membre du conseil d\u2019administration de sa branche en \u00c9gypte depuis 2017<\/strong>. Il est \u00e9galement membre de la Sales Management Association, organisation internationale sp\u00e9cialis\u00e9e dans la gestion et les op\u00e9rations commerciales.<\/p>\n\n\n\n<p>Gr\u00e2ce \u00e0 sa vision strat\u00e9gique et \u00e0 son exp\u00e9rience diversifi\u00e9e, le Dr Mohamed Zein a contribu\u00e9 \u00e0 la r\u00e9ussite de nombreuses transformations organisationnelles, au lancement de mod\u00e8les d\u2019affaires innovants et \u00e0 la r\u00e9alisation d\u2019une croissance notable des performances op\u00e9rationnelles et commerciales des organisations avec lesquelles il a travaill\u00e9.<\/p>\n\n\n\n<p>\u2e3b<\/p>\n\n\n\n<p>Exp\u00e9rience Professionnelle<\/p>\n\n\n\n<p><strong>2019 \u2013 Pr\u00e9sent<br><\/strong>Pr\u00e9sident-Directeur G\u00e9n\u00e9ral et Directeur G\u00e9n\u00e9ral D\u00e9l\u00e9gu\u00e9<br><strong>Al Amal Alsharif Company <\/strong>\u2013 Tuyaux et raccords en plastique<\/p>\n\n\n\n<p><strong>2014 \u2013 2019<br><\/strong>Fondateur et Directeur G\u00e9n\u00e9ral<br>Beyond Consulting &amp; Business Development Services \u2013 \u00c9gypte.<\/p>\n\n\n\n<p><strong>Juillet 2012 \u2013 Juin 2014<br><\/strong>Directeur G\u00e9n\u00e9ral \u2013 Unit\u00e9 Solutions \u00c9nerg\u00e9tiques<br>Consukorra \u2013 \u00c9gypte<\/p>\n\n\n\n<p><strong>Mai 2010 \u2013 Juin 2012<br><\/strong>Pr\u00e9sident du Conseil d\u2019Administration et Directeur G\u00e9n\u00e9ral<br>Maspero Urban Development \u2013 \u00c9gypte<\/p>\n\n\n\n<p><strong>Mai 2009 \u2013 Avril 2010<br><\/strong>Pr\u00e9sident du Conseil d\u2019Administration et Directeur G\u00e9n\u00e9ral<br>Misr Property Management Company (MPMC).<\/p>\n\n\n\n<p><strong>F\u00e9vrier 2009 \u2013 Avril 2009<br><\/strong>Conseiller du Pr\u00e9sident pour les investissements immobiliers<br>Insurance Holding Company (IHC)<\/p>\n\n\n\n<p><strong>Mai 2007 \u2013 Janvier 2009<br><\/strong>Directeur Ex\u00e9cutif<br>Al Rajhi Real Estate Management \u2013 Arabie Saoudite<\/p>\n\n\n\n<p><strong>Avril 2005 \u2013 Avril 2007<br><\/strong>Directeur Marketing R\u00e9gional \u2013 Shell<br>R\u00e9gion Moyen-Orient et Asie Centrale<\/p>\n\n\n\n<p><strong>Juin 2002 \u2013 Mars 2005<br><\/strong>Directeur G\u00e9n\u00e9ral<br>Shell Arabia Car Service \u2013 Arabie Saoudite<\/p>\n\n\n\n<p><strong>Juin 1997 \u2013 Avril 2002<br>Shell<br><\/strong>Responsable des activit\u00e9s Retail et du D\u00e9veloppement des Affaires \u2013 Secteur Industriel<\/p>\n\n\n\n<p><strong>Juillet 1990 \u2013 Mai 1997<br>Esso<\/strong><br>Responsable des Ventes Industrielles<\/p>\n\n\n\n<p><\/p>\n<\/div>\n<\/div><\/div>\n\n\n\n<p><\/p>\n","protected":false},"excerpt":{"rendered":"","protected":false},"author":1,"featured_media":649,"parent":0,"menu_order":0,"comment_status":"closed","ping_status":"closed","template":"","meta":{"_coblocks_attr":"","_coblocks_dimensions":"","_coblocks_responsive_height":"","_coblocks_accordion_ie_support":"","_uag_custom_page_level_css":"","_themeisle_gutenberg_block_has_review":false,"footnotes":""},"class_list":["post-240","page","type-page","status-publish","has-post-thumbnail","hentry"],"translation":{"provider":"WPGlobus","version":"3.0.2","language":"fr","enabled_languages":["en","fr","ar"],"languages":{"en":{"title":true,"content":true,"excerpt":false},"fr":{"title":true,"content":true,"excerpt":false},"ar":{"title":true,"content":true,"excerpt":false}}},"yoast_head":"<!-- This site is optimized with the Yoast SEO plugin v27.4 - https:\/\/yoast.com\/product\/yoast-seo-wordpress\/ -->\n<title>Direction - Alamal Alsharif Plastics<\/title>\n<meta name=\"robots\" content=\"index, follow, max-snippet:-1, max-image-preview:large, max-video-preview:-1\" \/>\n<link rel=\"canonical\" href=\"https:\/\/www.alamalalsharif.com\/leadership\/\" class=\"yoast-seo-meta-tag\" \/>\n<meta property=\"og:locale\" content=\"fr_FR\" class=\"yoast-seo-meta-tag\" \/>\n<meta property=\"og:type\" content=\"article\" class=\"yoast-seo-meta-tag\" \/>\n<meta property=\"og:title\" content=\"Direction - Alamal Alsharif Plastics\" class=\"yoast-seo-meta-tag\" \/>\n<meta property=\"og:url\" content=\"https:\/\/www.alamalalsharif.com\/leadership\/\" class=\"yoast-seo-meta-tag\" \/>\n<meta property=\"og:site_name\" content=\"Alamal Alsharif Plastics\" class=\"yoast-seo-meta-tag\" \/>\n<meta property=\"article:modified_time\" content=\"2026-04-08T12:05:59+00:00\" class=\"yoast-seo-meta-tag\" \/>\n<meta property=\"og:image\" content=\"https:\/\/www.alamalalsharif.com\/wp-content\/uploads\/2021\/02\/4n.jpg\" class=\"yoast-seo-meta-tag\" \/>\n\t<meta property=\"og:image:width\" content=\"2295\" class=\"yoast-seo-meta-tag\" \/>\n\t<meta property=\"og:image:height\" content=\"1200\" class=\"yoast-seo-meta-tag\" \/>\n\t<meta property=\"og:image:type\" content=\"image\/jpeg\" class=\"yoast-seo-meta-tag\" \/>\n<meta name=\"twitter:card\" content=\"summary_large_image\" class=\"yoast-seo-meta-tag\" \/>\n<meta name=\"twitter:label1\" content=\"Est. reading time\" class=\"yoast-seo-meta-tag\" \/>\n\t<meta name=\"twitter:data1\" content=\"4 minutes\" class=\"yoast-seo-meta-tag\" \/>\n<script type=\"application\/ld+json\" class=\"yoast-schema-graph\">{\"@context\":\"https:\\\/\\\/schema.org\",\"@graph\":[{\"@type\":\"WebPage\",\"@id\":\"https:\\\/\\\/www.alamalalsharif.com\\\/leadership\\\/\",\"url\":\"https:\\\/\\\/www.alamalalsharif.com\\\/leadership\\\/\",\"name\":\"Direction - Alamal Alsharif Plastics\",\"isPartOf\":{\"@id\":\"https:\\\/\\\/www.alamalalsharif.com\\\/#website\"},\"primaryImageOfPage\":{\"@id\":\"https:\\\/\\\/www.alamalalsharif.com\\\/leadership\\\/#primaryimage\"},\"image\":{\"@id\":\"https:\\\/\\\/www.alamalalsharif.com\\\/leadership\\\/#primaryimage\"},\"thumbnailUrl\":\"https:\\\/\\\/www.alamalalsharif.com\\\/wp-content\\\/uploads\\\/2021\\\/02\\\/4n.jpg\",\"datePublished\":\"2020-10-06T13:59:52+00:00\",\"dateModified\":\"2026-04-08T12:05:59+00:00\",\"breadcrumb\":{\"@id\":\"https:\\\/\\\/www.alamalalsharif.com\\\/leadership\\\/#breadcrumb\"},\"inLanguage\":\"fr-FR\",\"potentialAction\":[{\"@type\":\"ReadAction\",\"target\":[\"https:\\\/\\\/www.alamalalsharif.com\\\/leadership\\\/\"]}]},{\"@type\":\"ImageObject\",\"inLanguage\":\"fr-FR\",\"@id\":\"https:\\\/\\\/www.alamalalsharif.com\\\/leadership\\\/#primaryimage\",\"url\":\"https:\\\/\\\/www.alamalalsharif.com\\\/wp-content\\\/uploads\\\/2021\\\/02\\\/4n.jpg\",\"contentUrl\":\"https:\\\/\\\/www.alamalalsharif.com\\\/wp-content\\\/uploads\\\/2021\\\/02\\\/4n.jpg\",\"width\":2295,\"height\":1200},{\"@type\":\"BreadcrumbList\",\"@id\":\"https:\\\/\\\/www.alamalalsharif.com\\\/leadership\\\/#breadcrumb\",\"itemListElement\":[{\"@type\":\"ListItem\",\"position\":1,\"name\":\"Home\",\"item\":\"https:\\\/\\\/www.alamalalsharif.com\\\/\"},{\"@type\":\"ListItem\",\"position\":2,\"name\":\"\u0627\u0644\u0642\u064a\u0627\u062f\u0629\"}]},{\"@type\":\"WebSite\",\"@id\":\"https:\\\/\\\/www.alamalalsharif.com\\\/#website\",\"url\":\"https:\\\/\\\/www.alamalalsharif.com\\\/\",\"name\":\"Alamal Alsharif Plastics\",\"description\":\"Conveying sources of life\",\"publisher\":{\"@id\":\"https:\\\/\\\/www.alamalalsharif.com\\\/#organization\"},\"potentialAction\":[{\"@type\":\"SearchAction\",\"target\":{\"@type\":\"EntryPoint\",\"urlTemplate\":\"https:\\\/\\\/www.alamalalsharif.com\\\/?s={search_term_string}\"},\"query-input\":{\"@type\":\"PropertyValueSpecification\",\"valueRequired\":true,\"valueName\":\"search_term_string\"}}],\"inLanguage\":\"fr-FR\"},{\"@type\":\"Organization\",\"@id\":\"https:\\\/\\\/www.alamalalsharif.com\\\/#organization\",\"name\":\"Alamal Alsharif Plastics\",\"url\":\"https:\\\/\\\/www.alamalalsharif.com\\\/\",\"logo\":{\"@type\":\"ImageObject\",\"inLanguage\":\"fr-FR\",\"@id\":\"https:\\\/\\\/www.alamalalsharif.com\\\/#\\\/schema\\\/logo\\\/image\\\/\",\"url\":\"https:\\\/\\\/www.alamalalsharif.com\\\/wp-content\\\/uploads\\\/2021\\\/08\\\/Alamal-Alsharif-Final-Logo-v1.png\",\"contentUrl\":\"https:\\\/\\\/www.alamalalsharif.com\\\/wp-content\\\/uploads\\\/2021\\\/08\\\/Alamal-Alsharif-Final-Logo-v1.png\",\"width\":600,\"height\":162,\"caption\":\"Alamal Alsharif Plastics\"},\"image\":{\"@id\":\"https:\\\/\\\/www.alamalalsharif.com\\\/#\\\/schema\\\/logo\\\/image\\\/\"}}]}<\/script>\n<!-- \/ Yoast SEO plugin. -->","yoast_head_json":{"title":"Direction - Alamal Alsharif Plastics","robots":{"index":"index","follow":"follow","max-snippet":"max-snippet:-1","max-image-preview":"max-image-preview:large","max-video-preview":"max-video-preview:-1"},"canonical":"https:\/\/www.alamalalsharif.com\/leadership\/","og_locale":"fr_FR","og_type":"article","og_title":"Direction - Alamal Alsharif Plastics","og_url":"https:\/\/www.alamalalsharif.com\/leadership\/","og_site_name":"Alamal Alsharif Plastics","article_modified_time":"2026-04-08T12:05:59+00:00","og_image":[{"width":2295,"height":1200,"url":"https:\/\/www.alamalalsharif.com\/wp-content\/uploads\/2021\/02\/4n.jpg","type":"image\/jpeg"}],"twitter_card":"summary_large_image","twitter_misc":{"Est. reading time":"4 minutes"},"schema":{"@context":"https:\/\/schema.org","@graph":[{"@type":"WebPage","@id":"https:\/\/www.alamalalsharif.com\/leadership\/","url":"https:\/\/www.alamalalsharif.com\/leadership\/","name":"Direction - Alamal Alsharif Plastics","isPartOf":{"@id":"https:\/\/www.alamalalsharif.com\/#website"},"primaryImageOfPage":{"@id":"https:\/\/www.alamalalsharif.com\/leadership\/#primaryimage"},"image":{"@id":"https:\/\/www.alamalalsharif.com\/leadership\/#primaryimage"},"thumbnailUrl":"https:\/\/www.alamalalsharif.com\/wp-content\/uploads\/2021\/02\/4n.jpg","datePublished":"2020-10-06T13:59:52+00:00","dateModified":"2026-04-08T12:05:59+00:00","breadcrumb":{"@id":"https:\/\/www.alamalalsharif.com\/leadership\/#breadcrumb"},"inLanguage":"fr-FR","potentialAction":[{"@type":"ReadAction","target":["https:\/\/www.alamalalsharif.com\/leadership\/"]}]},{"@type":"ImageObject","inLanguage":"fr-FR","@id":"https:\/\/www.alamalalsharif.com\/leadership\/#primaryimage","url":"https:\/\/www.alamalalsharif.com\/wp-content\/uploads\/2021\/02\/4n.jpg","contentUrl":"https:\/\/www.alamalalsharif.com\/wp-content\/uploads\/2021\/02\/4n.jpg","width":2295,"height":1200},{"@type":"BreadcrumbList","@id":"https:\/\/www.alamalalsharif.com\/leadership\/#breadcrumb","itemListElement":[{"@type":"ListItem","position":1,"name":"Home","item":"https:\/\/www.alamalalsharif.com\/"},{"@type":"ListItem","position":2,"name":"\u0627\u0644\u0642\u064a\u0627\u062f\u0629"}]},{"@type":"WebSite","@id":"https:\/\/www.alamalalsharif.com\/#website","url":"https:\/\/www.alamalalsharif.com\/","name":"Alamal Alsharif Plastics","description":"Conveying sources of life","publisher":{"@id":"https:\/\/www.alamalalsharif.com\/#organization"},"potentialAction":[{"@type":"SearchAction","target":{"@type":"EntryPoint","urlTemplate":"https:\/\/www.alamalalsharif.com\/?s={search_term_string}"},"query-input":{"@type":"PropertyValueSpecification","valueRequired":true,"valueName":"search_term_string"}}],"inLanguage":"fr-FR"},{"@type":"Organization","@id":"https:\/\/www.alamalalsharif.com\/#organization","name":"Alamal Alsharif Plastics","url":"https:\/\/www.alamalalsharif.com\/","logo":{"@type":"ImageObject","inLanguage":"fr-FR","@id":"https:\/\/www.alamalalsharif.com\/#\/schema\/logo\/image\/","url":"https:\/\/www.alamalalsharif.com\/wp-content\/uploads\/2021\/08\/Alamal-Alsharif-Final-Logo-v1.png","contentUrl":"https:\/\/www.alamalalsharif.com\/wp-content\/uploads\/2021\/08\/Alamal-Alsharif-Final-Logo-v1.png","width":600,"height":162,"caption":"Alamal Alsharif Plastics"},"image":{"@id":"https:\/\/www.alamalalsharif.com\/#\/schema\/logo\/image\/"}}]}},"uagb_featured_image_src":{"full":["https:\/\/www.alamalalsharif.com\/wp-content\/uploads\/2021\/02\/4n.jpg",2295,1200,false],"thumbnail":["https:\/\/www.alamalalsharif.com\/wp-content\/uploads\/2021\/02\/4n-150x150.jpg",150,150,true],"medium":["https:\/\/www.alamalalsharif.com\/wp-content\/uploads\/2021\/02\/4n-300x157.jpg",300,157,true],"medium_large":["https:\/\/www.alamalalsharif.com\/wp-content\/uploads\/2021\/02\/4n-768x402.jpg",750,393,true],"large":["https:\/\/www.alamalalsharif.com\/wp-content\/uploads\/2021\/02\/4n-1024x535.jpg",750,392,true],"1536x1536":["https:\/\/www.alamalalsharif.com\/wp-content\/uploads\/2021\/02\/4n-1536x803.jpg",1536,803,true],"2048x2048":["https:\/\/www.alamalalsharif.com\/wp-content\/uploads\/2021\/02\/4n-2048x1071.jpg",2048,1071,true],"hestia-blog":["https:\/\/www.alamalalsharif.com\/wp-content\/uploads\/2021\/02\/4n-360x240.jpg",360,240,true]},"uagb_author_info":{"display_name":"AlsharifM","author_link":"https:\/\/www.alamalalsharif.com\/fr\/author\/alamals\/"},"uagb_comment_info":0,"uagb_excerpt":null,"_links":{"self":[{"href":"https:\/\/www.alamalalsharif.com\/fr\/wp-json\/wp\/v2\/pages\/240","targetHints":{"allow":["GET"]}}],"collection":[{"href":"https:\/\/www.alamalalsharif.com\/fr\/wp-json\/wp\/v2\/pages"}],"about":[{"href":"https:\/\/www.alamalalsharif.com\/fr\/wp-json\/wp\/v2\/types\/page"}],"author":[{"embeddable":true,"href":"https:\/\/www.alamalalsharif.com\/fr\/wp-json\/wp\/v2\/users\/1"}],"replies":[{"embeddable":true,"href":"https:\/\/www.alamalalsharif.com\/fr\/wp-json\/wp\/v2\/comments?post=240"}],"version-history":[{"count":34,"href":"https:\/\/www.alamalalsharif.com\/fr\/wp-json\/wp\/v2\/pages\/240\/revisions"}],"predecessor-version":[{"id":2972,"href":"https:\/\/www.alamalalsharif.com\/fr\/wp-json\/wp\/v2\/pages\/240\/revisions\/2972"}],"wp:featuredmedia":[{"embeddable":true,"href":"https:\/\/www.alamalalsharif.com\/fr\/wp-json\/wp\/v2\/media\/649"}],"wp:attachment":[{"href":"https:\/\/www.alamalalsharif.com\/fr\/wp-json\/wp\/v2\/media?parent=240"}],"curies":[{"name":"wp","href":"https:\/\/api.w.org\/{rel}","templated":true}]}}